{"id":999,"date":"2016-07-13T10:20:02","date_gmt":"2016-07-13T10:20:02","guid":{"rendered":"http:\/\/finance.bold-themes.com\/main-demo\/?page_id=999"},"modified":"2025-07-25T13:17:25","modified_gmt":"2025-07-25T13:17:25","slug":"mitasta-hayat","status":"publish","type":"page","link":"https:\/\/mitasfasteners.com\/tr\/mitasta-hayat\/","title":{"rendered":"Mita\u015f&#8217;ta Hayat"},"content":{"rendered":"<p><section id=\"bt_section69dabb7e4941c\"  class=\"boldSection topSemiSpaced bottomSemiSpaced btAlternateColorBackground gutter boxed inherit\" style=\"background-color:rgba(255,255,255,0)  !important;\"><div class=\"port\"><div class=\"boldCell\"><div class=\"boldCellInner\"><div class=\"boldRow \" ><div class=\"boldRowInner\"><div class=\"rowItem col-md-6 col-sm-12 btTextLeft animate animate-fadein inherit\"  data-width=\"6\"><div class=\"rowItemContent\" ><header class=\"header btClear large btDash bottomDash  regular\" ><div class=\"dash\"><\/div><div class=\"btSubTitle\">M\u0130TA\u015e CIVATA olarak, sekt\u00f6rde fark yaratan bir ekip ruhuyla, ba\u015far\u0131ya giden yolda birlikte y\u00fcr\u00fcd\u00fc\u011f\u00fcm\u00fcz yetenekli bireyleri aram\u0131zda g\u00f6rmekten mutluluk duyuyoruz. S\u00fcrekli geli\u015fimi destekleyen, yenilik\u00e7i ve dinamik \u00e7al\u0131\u015fma ortam\u0131m\u0131zda, \u015firketimize de\u011fer katan ve bizi gelece\u011fe ta\u015f\u0131yan profesyonellerle g\u00fc\u00e7leniyoruz.<\/div><\/header><div class=\"btClear btSeparator bottomSmallSpaced noBorder\" ><hr><\/div><div class=\"btText\" ><\/p>\n<p>Ekibimizin bir par\u00e7as\u0131 olarak, yaln\u0131zca bir i\u015f de\u011fil, ayn\u0131 zamanda kendinizi geli\u015ftirebilece\u011finiz ve potansiyelinizi en \u00fcst d\u00fczeye \u00e7\u0131karabilece\u011finiz bir kariyer f\u0131rsat\u0131 sunuyoruz. M\u0130TA\u015e\u2019ta siz de sekt\u00f6r\u00fcn en iyileriyle birlikte yol alarak fark yaratmaya haz\u0131r m\u0131s\u0131n\u0131z?<\/p>\n<p>\n<\/div><div class=\"btClear btSeparator topSemiSpaced noBorder\" ><hr><\/div><\/div><\/div><div class=\"rowItem col-md-6 col-sm-12 btTextLeft animate animate-fadein inherit\"  data-width=\"6\"><div class=\"rowItemContent\" ><div class=\"bpgPhoto btDefaultHoverType\" ><div class = \"btImage\"><img decoding=\"async\" src=\"https:\/\/mitasfasteners.com\/wp-content\/uploads\/2025\/03\/hayat.jpg\" alt=\"\" title=\"\"><\/div><\/div><div class=\"btClear btSeparator topSemiSpaced noBorder\" ><hr><\/div><\/div><\/div><\/div><\/div><div class=\"boldRow \" ><div class=\"boldRowInner\"><div class=\"rowItem col-md-12 col-ms-12  btTextLeft\"  data-width=\"12\"><div class=\"rowItemContent\" ><div class=\"btClear btSeparator bottomSemiSpaced border\" ><hr><\/div><\/div><\/div><\/div><\/div><div class=\"boldRow \" ><div class=\"boldRowInner\"><div class=\"rowItem col-md-6 col-sm-12 btTextLeft animate animate-fadein inherit\"  data-width=\"6\"><div class=\"rowItemContent\" ><div class=\"bpgPhoto btDefaultHoverType\" ><div class = \"btImage\"><img decoding=\"async\" src=\"https:\/\/mitasfasteners.com\/wp-content\/uploads\/2025\/03\/hayat2.jpg\" alt=\"\" title=\"\"><\/div><\/div><div class=\"btClear btSeparator topSemiSpaced noBorder\" ><hr><\/div><\/div><\/div><div class=\"rowItem col-md-6 col-sm-12 btTextLeft animate animate-fadein inherit\"  data-width=\"6\"><div class=\"rowItemContent\" ><header class=\"header btClear medium btDash bottomDash  regular\" ><div class=\"dash\"><h3><span class=\"headline\">Biz Farkl\u0131l\u0131klar\u0131m\u0131zla Zenginle\u015fiyor, Benzerliklerimizle Uyum Sa\u011fl\u0131yoruz<\/span><\/h3><\/div><div class=\"btSubTitle\">M\u0130TA\u015e CIVATA olarak, farkl\u0131l\u0131klar\u0131n g\u00fcc\u00fcne inan\u0131yor ve ortak de\u011ferlerimizle uyum i\u00e7inde b\u00fcy\u00fcyen g\u00fc\u00e7l\u00fc bir ekip olu\u015fturuyoruz. \u00c7al\u0131\u015fanlar\u0131m\u0131z\u0131n g\u00fcvenine, sayg\u0131s\u0131na ve a\u00e7\u0131k diyalo\u011fa dayal\u0131 bir kurum k\u00fclt\u00fcr\u00fc in\u015fa etmeyi ama\u00e7l\u0131yoruz. \u00c7e\u015fitlili\u011fin, s\u00fcrd\u00fcr\u00fclebilir ba\u015far\u0131n\u0131n temel ta\u015flar\u0131ndan biri oldu\u011funa inan\u0131yor ve farkl\u0131 bak\u0131\u015f a\u00e7\u0131lar\u0131na de\u011fer veriyoruz. Bu do\u011frultuda, T\u00fcrkiye\u2019nin yan\u0131 s\u0131ra k\u00fcresel pazarlardaki yetenekleri de ekibimize kat\u0131yoruz.<\/div><\/header><div class=\"btClear btSeparator bottomSmallSpaced noBorder\" ><hr><\/div><div class=\"btText\" ><\/p>\n<p>\u00c7al\u0131\u015fanlar\u0131m\u0131z\u0131n ki\u015fisel ve profesyonel geli\u015fimine katk\u0131 sa\u011flamak amac\u0131yla; e\u011fitim, k\u00fclt\u00fcr, sanat, spor ve gen\u00e7 giri\u015fimcilik gibi \u00e7e\u015fitli alanlarda projeler y\u00fcr\u00fct\u00fcyoruz.<\/p>\n<p>Ayr\u0131ca, \u00e7al\u0131\u015fanlar\u0131m\u0131z ve aileleriyle daha g\u00fc\u00e7l\u00fc ba\u011flar kurmak ad\u0131na \u00e7e\u015fitli sosyal etkinlikler d\u00fczenleyerek, i\u015f d\u0131\u015f\u0131nda da keyifli bir sosyal \u00e7evre yaratmaya \u00f6nem veriyoruz.<\/p>\n<p>\n<\/div><div class=\"btClear btSeparator topExtraSmallSpaced noBorder\" ><hr><\/div><a href=\"https:\/\/mitasfasteners.com\/files\/orientation\/index.html\" class=\"btBtn btBtn btnOutlineStyle btnNormalColor btnSmall btnNormalWidth btnLeftPosition btnNoIcon\"  target=\"_blank\"><span class=\"btnInnerText\">Orientation Booklet<\/span><\/a><div class=\"btClear btSeparator topSemiSpaced noBorder\" ><hr><\/div><\/div><\/div><\/div><\/div><\/div><\/div><\/div><\/section><section id=\"bt_section69dabb7e4a73c\"  class=\"boldSection gutter \" ><div class=\"port\"><div class=\"boldCell\"><div class=\"boldCellInner\"><div class=\"boldRow \" ><div class=\"boldRowInner\"><div class=\"rowItem col-md-4 col-ms-12 btTextLeft\"  data-width=\"4\"><div class=\"rowItemContent\" ><div class=\"btClear btSeparator topSemiSpaced noBorder\" ><hr><\/div><div class=\"bpgPhoto btDefaultHoverType btRoundedImage\" > \r\n\t\t\t\t\t<a href=\"#\" target=\"_self\" title=\"Summer\u2019s Here Party\"><\/a>\r\n\t\t\t\t\t<div class=\"boldPhotoBox\"><div class=\"bpbItem\"><div class = \"btImage\"><img decoding=\"async\" src=\"https:\/\/mitasfasteners.com\/wp-content\/uploads\/2025\/07\/MitastaHayat_Yaza-Merhaba-640x480.jpg\" alt=\"\" title=\"Summer\u2019s Here Party\"><\/div><\/div><\/div>\r\n\t\t\t\t\t<div class=\"captionPane btDarkSkin btTextCenter\">\r\n\t\t\t\t\t\t<div class=\"captionTable\">\r\n\t\t\t\t\t\t\t<div class=\"captionCell\">\r\n\t\t\t\t\t\t\t\t<div class=\"captionTxt\"><header class=\"header btClear extrasmall\" ><div class=\"dash\"><h4><span class=\"headline\">Summer\u2019s Here Party<\/span><\/h4><\/div><\/header><\/div>\r\n\t\t\t\t\t\t\t<\/div>\r\n\t\t\t\t\t\t<\/div>\r\n\t\t\t\t\t<\/div><\/div><\/div><\/div><div class=\"rowItem col-md-4 col-ms-12 btTextLeft\"  data-width=\"4\"><div class=\"rowItemContent\" ><div class=\"btClear btSeparator topSemiSpaced noBorder\" ><hr><\/div><div class=\"bpgPhoto btDefaultHoverType btRoundedImage\" > \r\n\t\t\t\t\t<a href=\"#\" target=\"_self\" title=\"Basketball\"><\/a>\r\n\t\t\t\t\t<div class=\"boldPhotoBox\"><div class=\"bpbItem\"><div class = \"btImage\"><img decoding=\"async\" src=\"https:\/\/mitasfasteners.com\/wp-content\/uploads\/2025\/07\/MitastaHayat_Basketbol-640x480.jpg\" alt=\"\" title=\"Basketball\"><\/div><\/div><\/div>\r\n\t\t\t\t\t<div class=\"captionPane btDarkSkin btTextCenter\">\r\n\t\t\t\t\t\t<div class=\"captionTable\">\r\n\t\t\t\t\t\t\t<div class=\"captionCell\">\r\n\t\t\t\t\t\t\t\t<div class=\"captionTxt\"><header class=\"header btClear extrasmall\" ><div class=\"dash\"><h4><span class=\"headline\">Basketball<\/span><\/h4><\/div><\/header><\/div>\r\n\t\t\t\t\t\t\t<\/div>\r\n\t\t\t\t\t\t<\/div>\r\n\t\t\t\t\t<\/div><\/div><\/div><\/div><div class=\"rowItem col-md-4 col-ms-12 btTextLeft\"  data-width=\"4\"><div class=\"rowItemContent\" ><div class=\"btClear btSeparator topSemiSpaced noBorder\" ><hr><\/div><div class=\"bpgPhoto btDefaultHoverType btRoundedImage\" > \r\n\t\t\t\t\t<a href=\"#\" target=\"_self\" title=\"Bowling\"><\/a>\r\n\t\t\t\t\t<div class=\"boldPhotoBox\"><div class=\"bpbItem\"><div class = \"btImage\"><img decoding=\"async\" src=\"https:\/\/mitasfasteners.com\/wp-content\/uploads\/2025\/07\/MitastaHayat_Bowling-640x480.jpg\" alt=\"\" title=\"Bowling\"><\/div><\/div><\/div>\r\n\t\t\t\t\t<div class=\"captionPane btDarkSkin btTextCenter\">\r\n\t\t\t\t\t\t<div class=\"captionTable\">\r\n\t\t\t\t\t\t\t<div class=\"captionCell\">\r\n\t\t\t\t\t\t\t\t<div class=\"captionTxt\"><header class=\"header btClear extrasmall\" ><div class=\"dash\"><h4><span class=\"headline\">Bowling<\/span><\/h4><\/div><\/header><\/div>\r\n\t\t\t\t\t\t\t<\/div>\r\n\t\t\t\t\t\t<\/div>\r\n\t\t\t\t\t<\/div><\/div><\/div><\/div><\/div><\/div><div class=\"boldRow \" ><div class=\"boldRowInner\"><div class=\"rowItem col-md-12 col-ms-12  btTextLeft\"  data-width=\"12\"><div class=\"rowItemContent\" ><div class=\"btClear btSeparator bottomSpaced noBorder\" ><hr><\/div><\/div><\/div><\/div><\/div><\/div><\/div><\/div><\/section><section id=\"bt_section69dabb7e4b577\"  class=\"boldSection gutter \" ><div class=\"port\"><div class=\"boldCell\"><div class=\"boldCellInner\"><div class=\"boldRow \" ><div class=\"boldRowInner\"><div class=\"rowItem col-md-6 col-sm-12 btTextLeft\"  data-width=\"6\"><div class=\"rowItemContent\" ><div class=\"btClear btSeparator topSemiSpaced noBorder\" ><hr><\/div><div class=\"bpgPhoto btDefaultHoverType btRoundedImage\" > \r\n\t\t\t\t\t<a href=\"#\" target=\"_self\" title=\"Picnic Event\"><\/a>\r\n\t\t\t\t\t<div class=\"boldPhotoBox\"><div class=\"bpbItem\"><div class = \"btImage\"><img decoding=\"async\" src=\"https:\/\/mitasfasteners.com\/wp-content\/uploads\/2025\/07\/MitastaHayat_Piknik-640x480.jpg\" alt=\"\" title=\"Picnic Event\"><\/div><\/div><\/div>\r\n\t\t\t\t\t<div class=\"captionPane btDarkSkin btTextCenter\">\r\n\t\t\t\t\t\t<div class=\"captionTable\">\r\n\t\t\t\t\t\t\t<div class=\"captionCell\">\r\n\t\t\t\t\t\t\t\t<div class=\"captionTxt\"><header class=\"header btClear extrasmall\" ><div class=\"dash\"><h4><span class=\"headline\">Picnic Event<\/span><\/h4><\/div><\/header><\/div>\r\n\t\t\t\t\t\t\t<\/div>\r\n\t\t\t\t\t\t<\/div>\r\n\t\t\t\t\t<\/div><\/div><\/div><\/div><div class=\"rowItem col-md-6 col-sm-12 btTextLeft\"  data-width=\"6\"><div class=\"rowItemContent\" ><div class=\"btClear btSeparator topSemiSpaced noBorder\" ><hr><\/div><div class=\"bpgPhoto btDefaultHoverType btRoundedImage\" > \r\n\t\t\t\t\t<a href=\"#\" target=\"_self\" title=\"29 October Republic Day\"><\/a>\r\n\t\t\t\t\t<div class=\"boldPhotoBox\"><div class=\"bpbItem\"><div class = \"btImage\"><img decoding=\"async\" src=\"https:\/\/mitasfasteners.com\/wp-content\/uploads\/2025\/07\/MitastaHayat_29-Ekim-640x480.jpg\" alt=\"\" title=\"29 October Republic Day\"><\/div><\/div><\/div>\r\n\t\t\t\t\t<div class=\"captionPane btDarkSkin btTextCenter\">\r\n\t\t\t\t\t\t<div class=\"captionTable\">\r\n\t\t\t\t\t\t\t<div class=\"captionCell\">\r\n\t\t\t\t\t\t\t\t<div class=\"captionTxt\"><header class=\"header btClear extrasmall\" ><div class=\"dash\"><h4><span class=\"headline\">29 October Republic Day<\/span><\/h4><\/div><\/header><\/div>\r\n\t\t\t\t\t\t\t<\/div>\r\n\t\t\t\t\t\t<\/div>\r\n\t\t\t\t\t<\/div><\/div><\/div><\/div><\/div><\/div><div class=\"boldRow \" ><div class=\"boldRowInner\"><div class=\"rowItem col-md-12 col-ms-12  btTextLeft\"  data-width=\"12\"><div class=\"rowItemContent\" ><div class=\"btClear btSeparator bottomSpaced noBorder\" ><hr><\/div><\/div><\/div><\/div><\/div><\/div><\/div><\/div><\/section><\/p>\n","protected":false},"excerpt":{"rendered":"","protected":false},"author":2,"featured_media":3863,"parent":0,"menu_order":0,"comment_status":"closed","ping_status":"closed","template":"","meta":{"footnotes":""},"class_list":["post-999","page","type-page","status-publish","has-post-thumbnail","hentry"],"_links":{"self":[{"href":"https:\/\/mitasfasteners.com\/tr\/wp-json\/wp\/v2\/pages\/999","targetHints":{"allow":["GET"]}}],"collection":[{"href":"https:\/\/mitasfasteners.com\/tr\/wp-json\/wp\/v2\/pages"}],"about":[{"href":"https:\/\/mitasfasteners.com\/tr\/wp-json\/wp\/v2\/types\/page"}],"author":[{"embeddable":true,"href":"https:\/\/mitasfasteners.com\/tr\/wp-json\/wp\/v2\/users\/2"}],"replies":[{"embeddable":true,"href":"https:\/\/mitasfasteners.com\/tr\/wp-json\/wp\/v2\/comments?post=999"}],"version-history":[{"count":20,"href":"https:\/\/mitasfasteners.com\/tr\/wp-json\/wp\/v2\/pages\/999\/revisions"}],"predecessor-version":[{"id":3995,"href":"https:\/\/mitasfasteners.com\/tr\/wp-json\/wp\/v2\/pages\/999\/revisions\/3995"}],"wp:featuredmedia":[{"embeddable":true,"href":"https:\/\/mitasfasteners.com\/tr\/wp-json\/wp\/v2\/media\/3863"}],"wp:attachment":[{"href":"https:\/\/mitasfasteners.com\/tr\/wp-json\/wp\/v2\/media?parent=999"}],"curies":[{"name":"wp","href":"https:\/\/api.w.org\/{rel}","templated":true}]}}