{"id":995,"date":"2016-07-13T10:18:41","date_gmt":"2016-07-13T10:18:41","guid":{"rendered":"http:\/\/finance.bold-themes.com\/main-demo\/?page_id=995"},"modified":"2025-08-19T07:41:18","modified_gmt":"2025-08-19T07:41:18","slug":"entegre-yonetim-sistemi","status":"publish","type":"page","link":"https:\/\/mitasfasteners.com\/tr\/entegre-yonetim-sistemi\/","title":{"rendered":"Entegre Y\u00f6netim Sistemi"},"content":{"rendered":"<p><section id=\"bt_section69dabb7ea0d3e\"  class=\"boldSection gutter \" ><div class=\"port\"><div class=\"boldCell\"><div class=\"boldCellInner\"><div class=\"boldRow \" ><div class=\"boldRowInner\"><div class=\"rowItem col-md-12 col-ms-12  btTextLeft\"  data-width=\"12\"><div class=\"rowItemContent\" ><div class=\"btClear btSeparator bottomSemiSpaced noBorder\" ><hr><\/div><div class=\"btText\" ><\/p>\n<p><strong>For M\u0130TA\u015e CIVATA, quality means that every product we manufacture meets our customers&#8217; needs by ensuring durability, reliability, and compliance with international standards and specifications. Quality is not just a goal but the foundation of our continuous improvement philosophy.<\/strong><\/p>\n<p>\n<\/div><div class=\"btClear btSeparator bottomSemiSpaced noBorder\" ><hr><\/div><\/div><\/div><\/div><\/div><\/div><\/div><\/div><\/section><section id=\"bt_section69dabb7ea141d\"  class=\"boldSection topSemiSpaced gutter boxed inherit\" ><div class=\"port\"><div class=\"boldCell\"><div class=\"boldCellInner\"><div class=\"boldRow \" ><div class=\"boldRowInner\"><div class=\"rowItem col-md-6 col-sm-12 btTextLeft animate animate-fadein inherit\"  data-width=\"6\"><div class=\"rowItemContent\" ><header class=\"header btClear medium btDash bottomDash  regular\" ><div class=\"dash\"><h3><span class=\"headline\">M\u0130TA\u015e CIVATA\u2019da a\u015fa\u011f\u0131daki y\u00f6netim sistemleri entegre bir \u015fekilde y\u00fcr\u00fct\u00fclmektedir.<\/span><\/h3><\/div><\/header><div class=\"btClear btSeparator topSmallSpaced noBorder\" ><hr><\/div><div class=\"btText\" ><\/p>\n<p>\u00b7 ISO 9001:2015 Kalite Y\u00f6netim Sistemi<\/p>\n<p>\u00b7 ISO 14001:2015 \u00c7evre Y\u00f6netim Sistemi<\/p>\n<p>\u00b7 ISO 45001:2018 \u0130\u015f Sa\u011fl\u0131\u011f\u0131 ve G\u00fcvenli\u011fi Y\u00f6netim Sistemi<\/p>\n<p>\u00b7 ISO 50001:2018 Enerji Y\u00f6netim Sistemi<\/p>\n<p>\u00b7 ISO 10002:2018 M\u00fc\u015fteri Memnuniyeti Y\u00f6netim Sistemi<\/p>\n<p>\n<\/div><div class=\"btClear btSeparator topSmallSpaced bottomSmallSpaced noBorder\" ><hr><\/div><div class=\"btClear btSeparator topSmallSpaced bottomSmallSpaced noBorder\" ><hr><\/div><\/div><\/div><div class=\"rowItem col-md-6 col-sm-12 btTextLeft animate animate-fadein inherit\"  data-width=\"6\"><div class=\"rowItemContent\" ><div class=\"bpgPhoto btDefaultHoverType\" ><div class = \"btImage\"><img decoding=\"async\" src=\"https:\/\/mitasfasteners.com\/wp-content\/uploads\/2025\/03\/kaliteee.jpg\" alt=\"\" title=\"\"><\/div><\/div><div class=\"btClear btSeparator bottomSmallSpaced noBorder\" ><hr><\/div><\/div><\/div><\/div><\/div><div class=\"boldRow \" ><div class=\"boldRowInner\"><div class=\"rowItem col-md-6 col-sm-12 btTextLeft animate animate-fadein inherit\"  data-width=\"6\"><div class=\"rowItemContent\" ><div class=\"bpgPhoto btDefaultHoverType\" ><div class = \"btImage\"><img decoding=\"async\" src=\"https:\/\/mitasfasteners.com\/wp-content\/uploads\/2025\/03\/civataa.jpg\" alt=\"\" title=\"\"><\/div><\/div><div class=\"btClear btSeparator bottomSmallSpaced noBorder\" ><hr><\/div><\/div><\/div><div class=\"rowItem col-md-6 col-sm-12 btTextLeft animate animate-fadein inherit\"  data-width=\"6\"><div class=\"rowItemContent\" ><header class=\"header btClear extralarge btDash bottomDash  regular\" ><\/header><div class=\"btClear btSeparator topSmallSpaced noBorder\" ><hr><\/div><div class=\"btText\" ><\/p>\n<p>\u00b7 ISO 27001:2022 Bilgi G\u00fcvenli\u011fi Y\u00f6netim Sistemi<\/p>\n<p>\u00b7 SSB EYDEP End\u00fcstriyel Yetkinlik De\u011ferlendirme ve Destekleme Program\u0131 (B)<\/p>\n<p>\u00b7 ISO\/IEC 17025:2017 Laboratuvar Y\u00f6netim Sistemi<\/p>\n<p>\u00b7 ISO 14064-1:2018 Karbon Ayak \u0130zi Do\u011frulama<\/p>\n<p>\u00b7 EN 14399-1:2015 \/ EN 15048-1:2007 Fabrika \u00dcretim Kontrol\u00fc Uygunluk Sertifikalar\u0131 (CE)<\/p>\n<p>\u00b7 DAST022:2016<\/p>\n<p>\n<\/div><div class=\"btClear btSeparator topSmallSpaced bottomSmallSpaced noBorder\" ><hr><\/div><div class=\"btClear btSeparator topSmallSpaced bottomSmallSpaced noBorder\" ><hr><\/div><\/div><\/div><\/div><\/div><div class=\"boldRow \" ><div class=\"boldRowInner\"><div class=\"rowItem col-md-6 col-sm-12 btTextLeft animate animate-fadein inherit\"  data-width=\"6\"><div class=\"rowItemContent\" ><header class=\"header btClear extralarge btDash bottomDash  regular\" ><div class=\"dash\"><\/div><div class=\"btSubTitle\">Entegre Y\u00f6netim Sistemi \u00e7er\u00e7evesinde, dok\u00fcman y\u00f6netimi, raporlama, aksiyon ve izlenebilirlik s\u00fcre\u00e7leri DAMS (Dok\u00fcman ve Aksiyon Y\u00f6netim Sistemi) \u00fczerinden y\u00fcr\u00fct\u00fclmektedir.<\/div><\/header><div class=\"btClear btSeparator topSmallSpaced noBorder\" ><hr><\/div><div class=\"btClear btSeparator topSmallSpaced bottomSmallSpaced noBorder\" ><hr><\/div><div class=\"btClear btSeparator topSmallSpaced bottomSmallSpaced noBorder\" ><hr><\/div><\/div><\/div><div class=\"rowItem col-md-6 col-sm-12 btTextLeft animate animate-fadein inherit\"  data-width=\"6\"><div class=\"rowItemContent\" ><div class=\"bpgPhoto btDefaultHoverType\" ><div class = \"btImage\"><img decoding=\"async\" src=\"https:\/\/mitasfasteners.com\/wp-content\/uploads\/2025\/08\/Varlik-1@4x-100-scaled.jpg\" alt=\"\" title=\"\"><\/div><\/div><div class=\"btClear btSeparator bottomSmallSpaced noBorder\" ><hr><\/div><\/div><\/div><\/div><\/div><\/div><\/div><\/div><\/section><\/p>\n","protected":false},"excerpt":{"rendered":"","protected":false},"author":2,"featured_media":3854,"parent":0,"menu_order":0,"comment_status":"closed","ping_status":"closed","template":"","meta":{"footnotes":""},"class_list":["post-995","page","type-page","status-publish","has-post-thumbnail","hentry"],"_links":{"self":[{"href":"https:\/\/mitasfasteners.com\/tr\/wp-json\/wp\/v2\/pages\/995","targetHints":{"allow":["GET"]}}],"collection":[{"href":"https:\/\/mitasfasteners.com\/tr\/wp-json\/wp\/v2\/pages"}],"about":[{"href":"https:\/\/mitasfasteners.com\/tr\/wp-json\/wp\/v2\/types\/page"}],"author":[{"embeddable":true,"href":"https:\/\/mitasfasteners.com\/tr\/wp-json\/wp\/v2\/users\/2"}],"replies":[{"embeddable":true,"href":"https:\/\/mitasfasteners.com\/tr\/wp-json\/wp\/v2\/comments?post=995"}],"version-history":[{"count":9,"href":"https:\/\/mitasfasteners.com\/tr\/wp-json\/wp\/v2\/pages\/995\/revisions"}],"predecessor-version":[{"id":3667,"href":"https:\/\/mitasfasteners.com\/tr\/wp-json\/wp\/v2\/pages\/995\/revisions\/3667"}],"wp:featuredmedia":[{"embeddable":true,"href":"https:\/\/mitasfasteners.com\/tr\/wp-json\/wp\/v2\/media\/3854"}],"wp:attachment":[{"href":"https:\/\/mitasfasteners.com\/tr\/wp-json\/wp\/v2\/media?parent=995"}],"curies":[{"name":"wp","href":"https:\/\/api.w.org\/{rel}","templated":true}]}}