{"id":993,"date":"2016-07-13T10:18:19","date_gmt":"2016-07-13T10:18:19","guid":{"rendered":"http:\/\/finance.bold-themes.com\/main-demo\/?page_id=993"},"modified":"2025-03-24T13:51:10","modified_gmt":"2025-03-24T13:51:10","slug":"labaratuvar-ve-test-makineleri","status":"publish","type":"page","link":"https:\/\/mitasfasteners.com\/tr\/labaratuvar-ve-test-makineleri\/","title":{"rendered":"Labaratuvar ve Test Makineleri"},"content":{"rendered":"<p><section id=\"bt_section69dabb4e095cc\"  class=\"boldSection gutter \" ><div class=\"port\"><div class=\"boldCell\"><div class=\"boldCellInner\"><div class=\"boldRow \" ><div class=\"boldRowInner\"><div class=\"rowItem col-md-12 col-ms-12  btTextLeft\"  data-width=\"12\"><div class=\"rowItemContent\" ><div class=\"btClear btSeparator bottomSemiSpaced noBorder\" ><hr><\/div><div class=\"btText\" ><\/p>\n<p><strong>Our laboratory is accredited according to ISO\/IEC 17025:2017 for tensile, hardness, k-factor\/friction, and impact testing.<\/strong><\/p>\n<p>\n<\/div><div class=\"btClear btSeparator bottomSemiSpaced noBorder\" ><hr><\/div><\/div><\/div><\/div><\/div><\/div><\/div><\/div><\/section><section id=\"bt_section69dabb4e09b72\"  class=\"boldSection topSemiSpaced gutter boxed inherit\" ><div class=\"port\"><div class=\"boldCell\"><div class=\"boldCellInner\"><div class=\"boldRow \" ><div class=\"boldRowInner\"><div class=\"rowItem col-md-6 col-sm-12 btTextLeft animate animate-fadein inherit\"  data-width=\"6\"><div class=\"rowItemContent\" ><header class=\"header btClear small btDash bottomDash  regular\" ><div class=\"dash\"><\/div><div class=\"btSubTitle\">Bunlar\u0131n yan\u0131 s\u0131ra spektral analiz, g\u00f6r\u00fcnt\u00fc analizi ile metalografik inceleme, karbon potansiyeli incelemeleri, boyutsal kontrol, MPI ile y\u00fczey hatalar\u0131 ve \u00e7atlak kontrol\u00fc, kaplama kal\u0131nl\u0131\u011f\u0131 kontrol\u00fc yap\u0131lmaktad\u0131r.<\/div><\/header><div class=\"btClear btSeparator topSmallSpaced noBorder\" ><hr><\/div><div class=\"btText\" ><\/p>\n<p>Our laboratory uses test machines purchased from <strong>world-leading manufacturers<\/strong>, and their <strong>calibration and maintenance are regularly performed.<\/strong><\/p>\n<p>\n<\/div><div class=\"btClear btSeparator topSmallSpaced bottomSmallSpaced noBorder\" ><hr><\/div><div class=\"btClear btSeparator topSmallSpaced bottomSmallSpaced noBorder\" ><hr><\/div><\/div><\/div><div class=\"rowItem col-md-6 col-sm-12 btTextLeft animate animate-fadein inherit\"  data-width=\"6\"><div class=\"rowItemContent\" ><div class=\"bpgPhoto btDefaultHoverType\" ><div class = \"btImage\"><img decoding=\"async\" src=\"https:\/\/mitasfasteners.com\/wp-content\/uploads\/2025\/03\/labo1.jpg\" alt=\"\" title=\"\"><\/div><\/div><div class=\"btClear btSeparator bottomSmallSpaced noBorder\" ><hr><\/div><\/div><\/div><\/div><\/div><div class=\"boldRow \" ><div class=\"boldRowInner\"><div class=\"rowItem col-md-12 col-ms-12  btTextLeft animate animate-fadein inherit\"  data-width=\"12\"><div class=\"rowItemContent\" ><header class=\"header btClear extralarge btDash bottomDash  regular\" ><\/header><div class=\"btClear btSeparator topSmallSpaced noBorder\" ><hr><\/div><div class=\"btText\" ><\/p>\n<ul>\n<li data-pm-slice=\"1 1 &#091;&#093;\">Ham malzeme ve yar\u0131 mamul kimyasal analizi i\u00e7in spektrometre (SPEKTRO, Almanya),<\/li>\n<li>Metalografik inceleme numunelerinin haz\u0131rlanmas\u0131 i\u00e7in kesme, kal\u0131plama ve parlatma makineleri (STRUERS, Danimarka),<\/li>\n<li>Ham malzeme ve \u00fcr\u00fcnlerde mikroyap\u0131, tane b\u00fcy\u00fckl\u00fc\u011f\u00fc, kal\u0131nt\u0131, dekarb\u00fcrizasyon \/ karb\u00fcrizasyon incelemeleri i\u00e7in mikroskop (NIKON, Japonya)<\/li>\n<li>C\u0131vata ve somun di\u015f sertlikleri kontrol\u00fc i\u00e7in Vickers Sertlik Test Makinesi (EMCOTEST, Avusturya),<\/li>\n<li>Malzeme sertliklerini Vickers, Brinell, Rockwell cinsinden tespit etmek i\u00e7in Universal Sertlik Test Makinesi (EMCOTEST, Avusturya),<\/li>\n<li>Malzemelerin so\u011fuk hava ko\u015fullar\u0131ndaki s\u00fcnekli\u011fini tespit etmek i\u00e7in (Charpy) Darbe Test Makinesi (TINIUS OLSEN, ABD),<\/li>\n<li>Malzemelerin \u00e7ekme, kesme, deney y\u00fcklerini ve uzama \u00f6zelliklerinin tespit etmek i\u00e7in 1.500 kN\u2019luk \u00c7ekme Test Makinesi (TINIUS OLSEN, ABD),<\/li>\n<li>\u00c7ok kritik ba\u011flant\u0131larda kullan\u0131lan c\u0131vatalar\u0131n tork, gerilme kuvveti ve s\u00fcrt\u00fcnme katsay\u0131lar\u0131n\u0131 tespit etmek i\u00e7in 8.000 Nm\u2019lik tork-gerilim-k_factor test makinesi (SCHATZ KISTLER, Almanya),<\/li>\n<li>Y\u00fczey hatalar\u0131n\u0131 ve \u00e7atlak olu\u015fumlar\u0131n\u0131 tespit etmek i\u00e7in MPI Test Makinesi (MAGNAFLUX, Almanya),<\/li>\n<li>Kaplama kal\u0131nl\u0131\u011f\u0131n\u0131 tespit etmek i\u00e7in mikroskop (NIKON, Japonya) ve manyetik problu dijital \u00f6l\u00e7\u00fcm cihazlar\u0131 (CHECKLINE, ABD),<\/li>\n<li>C\u0131vatalar\u0131n ve mil \u015feklindeki so\u011fuk d\u00f6vme par\u00e7alar\u0131n b\u00fct\u00fcn di\u015f, boyutsal ve geometrik (salg\u0131, do\u011frusall\u0131k) \u00f6l\u00e7\u00fclerini 10 saniye i\u00e7inde \u00f6l\u00e7en optik \u00f6l\u00e7\u00fcm makinesi (VICI, \u0130talya),<\/li>\n<li>Y\u00fczeylerin \u015fekil ve d\u00fczg\u00fcnl\u00fck \u00f6zelliklerini inceleyerek (y\u00fczey \u00f6l\u00e7\u00fcm\u00fc), y\u00fczeydeki k\u00fc\u00e7\u00fck de\u011fi\u015fiklikleri, p\u00fcr\u00fczleri ve d\u00fczensizlikleri y\u00fcksek hassasiyetle \u00f6l\u00e7mek i\u00e7in Kontur Test Makinesi (MAHR,Almanya)<\/li>\n<li>Di\u015f profilleri, ge\u00e7i\u015f b\u00f6lgeleri ve kafa alt\u0131 Radiuslar\u0131 \u00f6l\u00e7en \u00f6l\u00e7\u00fcm mikroskobu (Visioneng, Britanya),<\/li>\n<li>\u00dc\u00e7 boyutlu \u00f6l\u00e7\u00fcmler i\u00e7in CMM (HEXAGON, ABD)<\/li>\n<li>\u00c7ok hassas tork de\u011ferlerini tespit etmek i\u00e7in torkmetreler (BMS, Irlanda)<\/li>\n<\/ul>\n<p>\n<\/div><div class=\"btClear btSeparator topSmallSpaced bottomSmallSpaced noBorder\" ><hr><\/div><div class=\"btClear btSeparator topSmallSpaced bottomSmallSpaced noBorder\" ><hr><\/div><\/div><\/div><\/div><\/div><div class=\"boldRow \" ><div class=\"boldRowInner\"><div class=\"rowItem col-md-6 col-sm-12 btTextLeft animate animate-fadein inherit\"  data-width=\"6\"><div class=\"rowItemContent\" ><div class=\"bpgPhoto btDefaultHoverType\" ><div class = \"btImage\"><img decoding=\"async\" src=\"https:\/\/mitasfasteners.com\/wp-content\/uploads\/2025\/03\/labo2.jpg\" alt=\"\" title=\"\"><\/div><\/div><div class=\"btClear btSeparator bottomSmallSpaced noBorder\" ><hr><\/div><\/div><\/div><div class=\"rowItem col-md-6 col-sm-12 btTextLeft animate animate-fadein inherit\"  data-width=\"6\"><div class=\"rowItemContent\" ><div class=\"bpgPhoto btDefaultHoverType\" ><div class = \"btImage\"><img decoding=\"async\" src=\"https:\/\/mitasfasteners.com\/wp-content\/uploads\/2025\/03\/labo3.jpg\" alt=\"\" title=\"\"><\/div><\/div><div class=\"btClear btSeparator bottomSmallSpaced noBorder\" ><hr><\/div><\/div><\/div><\/div><\/div><\/div><\/div><\/div><\/section><\/p>\n","protected":false},"excerpt":{"rendered":"","protected":false},"author":2,"featured_media":3862,"parent":0,"menu_order":0,"comment_status":"closed","ping_status":"closed","template":"","meta":{"footnotes":""},"class_list":["post-993","page","type-page","status-publish","has-post-thumbnail","hentry"],"_links":{"self":[{"href":"https:\/\/mitasfasteners.com\/tr\/wp-json\/wp\/v2\/pages\/993","targetHints":{"allow":["GET"]}}],"collection":[{"href":"https:\/\/mitasfasteners.com\/tr\/wp-json\/wp\/v2\/pages"}],"about":[{"href":"https:\/\/mitasfasteners.com\/tr\/wp-json\/wp\/v2\/types\/page"}],"author":[{"embeddable":true,"href":"https:\/\/mitasfasteners.com\/tr\/wp-json\/wp\/v2\/users\/2"}],"replies":[{"embeddable":true,"href":"https:\/\/mitasfasteners.com\/tr\/wp-json\/wp\/v2\/comments?post=993"}],"version-history":[{"count":9,"href":"https:\/\/mitasfasteners.com\/tr\/wp-json\/wp\/v2\/pages\/993\/revisions"}],"predecessor-version":[{"id":3890,"href":"https:\/\/mitasfasteners.com\/tr\/wp-json\/wp\/v2\/pages\/993\/revisions\/3890"}],"wp:featuredmedia":[{"embeddable":true,"href":"https:\/\/mitasfasteners.com\/tr\/wp-json\/wp\/v2\/media\/3862"}],"wp:attachment":[{"href":"https:\/\/mitasfasteners.com\/tr\/wp-json\/wp\/v2\/media?parent=993"}],"curies":[{"name":"wp","href":"https:\/\/api.w.org\/{rel}","templated":true}]}}