{"id":3979,"date":"2025-07-25T12:56:02","date_gmt":"2025-07-25T12:56:02","guid":{"rendered":"https:\/\/mitasfasteners.com\/?page_id=3979"},"modified":"2025-07-25T13:06:25","modified_gmt":"2025-07-25T13:06:25","slug":"social-responsibility","status":"publish","type":"page","link":"https:\/\/mitasfasteners.com\/tr\/social-responsibility\/","title":{"rendered":"Social Responsibility"},"content":{"rendered":"<p><section id=\"bt_section69dacfce42384\"  class=\"boldSection gutter \" ><div class=\"port\"><div class=\"boldCell\"><div class=\"boldCellInner\"><div class=\"boldRow \" ><div class=\"boldRowInner\"><div class=\"rowItem col-md-6 col-sm-12 btTextLeft\"  data-width=\"6\"><div class=\"rowItemContent\" ><div class=\"btClear btSeparator topSmallSpaced noBorder\" ><hr><\/div><header class=\"header btClear medium  bold\" ><div class=\"dash\"><h3><span class=\"headline\">We invest in the future of<br \/><br>our country and our people<br \/><br><\/span><\/h3><\/div><\/header><div class=\"btClear btSeparator bottomSmallSpaced noBorder\" ><hr><\/div><\/div><\/div><div class=\"rowItem col-md-6 col-sm-12 btTextLeft\"  data-width=\"6\"><div class=\"rowItemContent\" ><div class=\"btClear btSeparator topSmallSpaced noBorder\" ><hr><\/div><div class=\"btClear btSeparator topSmallSpaced noBorder\" ><hr><\/div><header class=\"header btClear extrasmall  bold\" ><div class=\"dash\"><h4><span class=\"headline\">We combine sustainable social responsibility with the principle of volunteerism.<br \/><br><\/span><\/h4><\/div><\/header><div class=\"btClear btSeparator bottomSmallSpaced noBorder\" ><hr><\/div><\/div><\/div><\/div><\/div><\/div><\/div><\/div><\/section><section id=\"bt_section69dacfce42eff\"  class=\"boldSection gutter \" ><div class=\"port\"><div class=\"boldCell\"><div class=\"boldCellInner\"><div class=\"boldRow \" ><div class=\"boldRowInner\"><div class=\"rowItem col-md-12 col-ms-12  btTextLeft\"  data-width=\"12\"><div class=\"rowItemContent\" ><div class=\"btClear btSeparator topSmallSpaced noBorder\" ><hr><\/div><div class=\"bpgPhoto btDefaultHoverType\" > \r\n\t\t\t\t\t<a href=\"#\" target=\"_self\" title=\"We support our employees to volunteer in appropriate social activities in which they will participate with social responsibility awareness. We come together as the entire Mita\u015f Family to lend a helping hand in areas such as disasters, emergency aid and educational needs. Beyond legal obligations, it is our priority to implement the best environmental solutions and support all kinds of activities that will increase environmental awareness, and to engage in activities that support and encourage young talents, students, national athletes.\"><\/a>\r\n\t\t\t\t\t<div class=\"boldPhotoBox\"><div class=\"bpbItem\"><div class = \"btImage\"><img decoding=\"async\" src=\"https:\/\/mitasfasteners.com\/wp-content\/uploads\/2025\/07\/MitasSosyalSorumluluk_kariyer.jpg\" alt=\"\" title=\"We support our employees to volunteer in appropriate social activities in which they will participate with social responsibility awareness. We come together as the entire Mita\u015f Family to lend a helping hand in areas such as disasters, emergency aid and educational needs. Beyond legal obligations, it is our priority to implement the best environmental solutions and support all kinds of activities that will increase environmental awareness, and to engage in activities that support and encourage young talents, students, national athletes.\"><\/div><\/div><\/div>\r\n\t\t\t\t\t<div class=\"captionPane btDarkSkin btTextCenter\">\r\n\t\t\t\t\t\t<div class=\"captionTable\">\r\n\t\t\t\t\t\t\t<div class=\"captionCell\">\r\n\t\t\t\t\t\t\t\t<div class=\"captionTxt\"><header class=\"header btClear extrasmall\" ><div class=\"dash\"><h4><span class=\"headline\">We support our employees to volunteer in appropriate social activities in which they will participate with social responsibility awareness. We come together as the entire Mita\u015f Family to lend a helping hand in areas such as disasters, emergency aid and educational needs. Beyond legal obligations, it is our priority to implement the best environmental solutions and support all kinds of activities that will increase environmental awareness, and to engage in activities that support and encourage young talents, students, national athletes.<\/span><\/h4><\/div><\/header><\/div>\r\n\t\t\t\t\t\t\t<\/div>\r\n\t\t\t\t\t\t<\/div>\r\n\t\t\t\t\t<\/div><\/div><\/div><\/div><\/div><\/div><div class=\"boldRow \" ><div class=\"boldRowInner\"><div class=\"rowItem col-md-6 col-sm-12 btTextLeft\"  data-width=\"6\"><div class=\"rowItemContent\" ><div class=\"btClear btSeparator topSemiSpaced noBorder\" ><hr><\/div><div class=\"btClear btSeparator topSemiSpaced noBorder\" ><hr><\/div><header class=\"header btClear large  bold\" ><div class=\"dash\"><h2><span class=\"headline\">We take steps to heal the life.<\/span><\/h2><\/div><\/header><div class=\"btClear btSeparator topSemiSpaced noBorder\" ><hr><\/div><\/div><\/div><div class=\"rowItem col-md-6 col-sm-12 btTextLeft\"  data-width=\"6\"><div class=\"rowItemContent\" ><div class=\"btClear btSeparator topSemiSpaced noBorder\" ><hr><\/div><header class=\"header btClear small  regular\" ><div class=\"dash\"><\/div><div class=\"btSubTitle\">As Mita\u015f Fasteners, we strive to carry out projects and organizations that aim to develop the society and provide solutions to social problems with the joint participation of all our employees.<\/p><br><p>In every social responsibility project we engage in, we take care to play a leading role in the protection of democracy, human rights and the environment. We pursue policies that support women in order to strengthen the role of women in society.<\/div><\/header><div class=\"btClear btSeparator noBorder\" ><hr><\/div><\/div><\/div><\/div><\/div><div class=\"boldRow \" ><div class=\"boldRowInner\"><div class=\"rowItem col-md-4 col-ms-12 btTextLeft\"  data-width=\"4\"><div class=\"rowItemContent\" ><div class=\"btClear btSeparator topSemiSpaced noBorder\" ><hr><\/div><div class=\"bpgPhoto btDefaultHoverType\" ><div class = \"btImage\"><img decoding=\"async\" src=\"https:\/\/mitasfasteners.com\/wp-content\/uploads\/2025\/07\/Mitas-Yatirim-Genel-Muduru-Serap-Ciliz-ODTU-Robot-Toplulugunu-ziyaret-etti.png\" alt=\"\" title=\"\"><\/div><\/div><div class=\"btClear btSeparator noBorder\" ><hr><\/div><header class=\"header btClear small  regular\" ><div class=\"dash\"><\/div><div class=\"btSubTitle\">Mita\u015f Group General Manager Serap C\u0131l\u0131z visited METU Robotics Community.<br \/><br><\/div><\/header><\/div><\/div><div class=\"rowItem col-md-4 col-ms-12 btTextLeft\"  data-width=\"4\"><div class=\"rowItemContent\" ><div class=\"btClear btSeparator topSemiSpaced noBorder\" ><hr><\/div><div class=\"bpgPhoto btDefaultHoverType\" ><div class = \"btImage\"><img decoding=\"async\" src=\"https:\/\/mitasfasteners.com\/wp-content\/uploads\/2025\/07\/Minik-ogrencilerimizin-uzaktan-egitimlerini-desteklemek-icin-tabletler-hediye-ettik.png\" alt=\"\" title=\"\"><\/div><\/div><div class=\"btClear btSeparator noBorder\" ><hr><\/div><header class=\"header btClear small  regular\" ><div class=\"dash\"><\/div><div class=\"btSubTitle\">We gifted tablets to our little students to support their distance education.<br \/><br><\/div><\/header><\/div><\/div><div class=\"rowItem col-md-4 col-ms-12 btTextLeft\"  data-width=\"4\"><div class=\"rowItemContent\" ><div class=\"btClear btSeparator topSemiSpaced noBorder\" ><hr><\/div><div class=\"bpgPhoto btDefaultHoverType\" ><div class = \"btImage\"><img decoding=\"async\" src=\"https:\/\/mitasfasteners.com\/wp-content\/uploads\/2025\/07\/Dunya-Kadinlar-Gunu-kapsaminda-Mitas-Grupun-kadin-calisanlariyla-birlikte-agac-diktik.jpg\" alt=\"\" title=\"\"><\/div><\/div><div class=\"btClear btSeparator noBorder\" ><hr><\/div><header class=\"header btClear small  regular\" ><div class=\"dash\"><\/div><div class=\"btSubTitle\">As part of International Women&#8217;s Day, we planted trees together with the female employees of Mita\u015f Group.<br \/><br><\/div><\/header><\/div><\/div><\/div><\/div><div class=\"boldRow \" ><div class=\"boldRowInner\"><div class=\"rowItem col-md-12 col-ms-12  btTextLeft\"  data-width=\"12\"><div class=\"rowItemContent\" ><div class=\"btClear btSeparator bottomSemiSpaced noBorder\" ><hr><\/div><\/div><\/div><\/div><\/div><\/div><\/div><\/div><\/section><\/p>\n","protected":false},"excerpt":{"rendered":"","protected":false},"author":1,"featured_media":3983,"parent":0,"menu_order":0,"comment_status":"closed","ping_status":"closed","template":"","meta":{"footnotes":""},"class_list":["post-3979","page","type-page","status-publish","has-post-thumbnail","hentry"],"_links":{"self":[{"href":"https:\/\/mitasfasteners.com\/tr\/wp-json\/wp\/v2\/pages\/3979","targetHints":{"allow":["GET"]}}],"collection":[{"href":"https:\/\/mitasfasteners.com\/tr\/wp-json\/wp\/v2\/pages"}],"about":[{"href":"https:\/\/mitasfasteners.com\/tr\/wp-json\/wp\/v2\/types\/page"}],"author":[{"embeddable":true,"href":"https:\/\/mitasfasteners.com\/tr\/wp-json\/wp\/v2\/users\/1"}],"replies":[{"embeddable":true,"href":"https:\/\/mitasfasteners.com\/tr\/wp-json\/wp\/v2\/comments?post=3979"}],"version-history":[{"count":3,"href":"https:\/\/mitasfasteners.com\/tr\/wp-json\/wp\/v2\/pages\/3979\/revisions"}],"predecessor-version":[{"id":3984,"href":"https:\/\/mitasfasteners.com\/tr\/wp-json\/wp\/v2\/pages\/3979\/revisions\/3984"}],"wp:featuredmedia":[{"embeddable":true,"href":"https:\/\/mitasfasteners.com\/tr\/wp-json\/wp\/v2\/media\/3983"}],"wp:attachment":[{"href":"https:\/\/mitasfasteners.com\/tr\/wp-json\/wp\/v2\/media?parent=3979"}],"curies":[{"name":"wp","href":"https:\/\/api.w.org\/{rel}","templated":true}]}}