{"id":2899,"date":"2016-11-17T09:43:48","date_gmt":"2016-11-17T09:43:48","guid":{"rendered":"http:\/\/industrial.bold-themes.com\/main-demo\/?page_id=2899"},"modified":"2026-03-17T11:56:06","modified_gmt":"2026-03-17T11:56:06","slug":"mitasta-kariyer-imkanlari","status":"publish","type":"page","link":"https:\/\/mitasfasteners.com\/tr\/mitasta-kariyer-imkanlari\/","title":{"rendered":"Mita\u015f&#8217;ta Kariyer \u0130mkanlar\u0131"},"content":{"rendered":"<section id=\"bt_section69dabb847af19\"  class=\"boldSection topSemiSpaced bottomSemiSpaced btAlternateColorBackground gutter boxed inherit\" style=\"background-color:rgba(242,241,237,0)  !important;\"><div class=\"port\"><div class=\"boldCell\"><div class=\"boldCellInner\"><div class=\"boldRow \" ><div class=\"boldRowInner\"><div class=\"rowItem col-md-6 col-sm-12 btTextLeft animate animate-fadein inherit\"  data-width=\"6\"><div class=\"rowItemContent\" ><header class=\"header btClear large btDash bottomDash  regular\" ><div class=\"dash\"><\/div><div class=\"btSubTitle\">Stratejik hedeflerimiz do\u011frultusunda, kurum k\u00fclt\u00fcr\u00fcm\u00fcz, de\u011ferlerimiz ve davran\u0131\u015f modelimizle uyum sa\u011flayan adaylar\u0131n istihdam\u0131n\u0131 birinci \u00f6nceli\u011fimiz olarak g\u00f6r\u00fcyoruz.<\/div><\/header><div class=\"btClear btSeparator bottomSmallSpaced noBorder\" ><hr><\/div><div class=\"btText\" ><\/p>\n<p>Kariyer olanaklar\u0131m\u0131z\u0131 inceleyerek, bu heyecan verici s\u00fcrecin bir par\u00e7as\u0131 olma f\u0131rsat\u0131n\u0131 yakalayabilirsiniz.<\/p>\n<p>M\u0130TA\u015e CIVATA&#8217;daki i\u015f f\u0131rsatlar\u0131na <a href=\"https:\/\/kariyer.mitasindustry.com\/\" target=\"_blank\" rel=\"noopener noreferrer\">buraya t\u0131klayarak<\/a>\u00a0ula\u015fabilirsiniz.<\/p>\n<p>\n<\/div><div class=\"btClear btSeparator topSemiSpaced noBorder\" ><hr><\/div><\/div><\/div><div class=\"rowItem col-md-6 col-sm-12 btTextLeft animate animate-fadein inherit\"  data-width=\"6\"><div class=\"rowItemContent\" ><div class=\"bpgPhoto btDefaultHoverType\" ><div class = \"btImage\"><img decoding=\"async\" src=\"https:\/\/mitasfasteners.com\/wp-content\/uploads\/2025\/03\/kariyerr.jpg\" alt=\"\" title=\"\"><\/div><\/div><div class=\"btClear btSeparator topSemiSpaced noBorder\" ><hr><\/div><\/div><\/div><\/div><\/div><div class=\"boldRow \" ><div class=\"boldRowInner\"><div class=\"rowItem col-md-12 col-ms-12  btTextLeft\"  data-width=\"12\"><div class=\"rowItemContent\" ><div class=\"btClear btSeparator bottomSemiSpaced border\" ><hr><\/div><\/div><\/div><\/div><\/div><\/div><\/div><\/div><\/section>\n","protected":false},"excerpt":{"rendered":"","protected":false},"author":2,"featured_media":3860,"parent":0,"menu_order":0,"comment_status":"closed","ping_status":"closed","template":"","meta":{"footnotes":""},"class_list":["post-2899","page","type-page","status-publish","has-post-thumbnail","hentry"],"_links":{"self":[{"href":"https:\/\/mitasfasteners.com\/tr\/wp-json\/wp\/v2\/pages\/2899","targetHints":{"allow":["GET"]}}],"collection":[{"href":"https:\/\/mitasfasteners.com\/tr\/wp-json\/wp\/v2\/pages"}],"about":[{"href":"https:\/\/mitasfasteners.com\/tr\/wp-json\/wp\/v2\/types\/page"}],"author":[{"embeddable":true,"href":"https:\/\/mitasfasteners.com\/tr\/wp-json\/wp\/v2\/users\/2"}],"replies":[{"embeddable":true,"href":"https:\/\/mitasfasteners.com\/tr\/wp-json\/wp\/v2\/comments?post=2899"}],"version-history":[{"count":8,"href":"https:\/\/mitasfasteners.com\/tr\/wp-json\/wp\/v2\/pages\/2899\/revisions"}],"predecessor-version":[{"id":4062,"href":"https:\/\/mitasfasteners.com\/tr\/wp-json\/wp\/v2\/pages\/2899\/revisions\/4062"}],"wp:featuredmedia":[{"embeddable":true,"href":"https:\/\/mitasfasteners.com\/tr\/wp-json\/wp\/v2\/media\/3860"}],"wp:attachment":[{"href":"https:\/\/mitasfasteners.com\/tr\/wp-json\/wp\/v2\/media?parent=2899"}],"curies":[{"name":"wp","href":"https:\/\/api.w.org\/{rel}","templated":true}]}}