{"id":2894,"date":"2016-11-17T09:41:30","date_gmt":"2016-11-17T09:41:30","guid":{"rendered":"http:\/\/industrial.bold-themes.com\/main-demo\/?page_id=2894"},"modified":"2025-03-24T13:53:15","modified_gmt":"2025-03-24T13:53:15","slug":"mitas-akademi","status":"publish","type":"page","link":"https:\/\/mitasfasteners.com\/tr\/mitas-akademi\/","title":{"rendered":"Mita\u015f Akademi"},"content":{"rendered":"<p><section id=\"bt_section69dabbb3d2643\"  class=\"boldSection topSpaced bottomSpaced btAlternateColorBackground gutter boxed inherit\" style=\"background-color:rgba(242,241,237,0)  !important;\"><div class=\"port\"><div class=\"boldCell\"><div class=\"boldCellInner\"><div class=\"boldRow \" ><div class=\"boldRowInner\"><div class=\"rowItem col-md-8 col-ms-12 btTextLeft animate animate-fadein inherit\"  data-width=\"8\"><div class=\"rowItemContent\" ><header class=\"header btClear large btDash bottomDash  regular\" ><div class=\"dash\"><h2><span class=\"headline\">Kurumsal F\u0131rsatlarla Ki\u015fisel ve Profesyonel Geli\u015fim \u0130mkan\u0131<\/span><\/h2><\/div><div class=\"btSubTitle\">M\u0130TA\u015e Akademi, deneyim ve ke\u015fif odakl\u0131 \u00f6\u011frenme s\u00fcre\u00e7leri ile \u00e7al\u0131\u015fanlar\u0131m\u0131z\u0131n ki\u015fisel ve profesyonel geli\u015fimlerini desteklemeyi ama\u00e7lar. \u015eirket de\u011ferlerimizle uyumlu, s\u00fcrekli geli\u015fime ve y\u00fcksek performans k\u00fclt\u00fcr\u00fcne odaklanan programlarla, i\u015f s\u00fcre\u00e7lerine y\u00f6nelik geli\u015fimi te\u015fvik ediyoruz.<\/div><\/header><div class=\"btClear btSeparator topSemiSpaced noBorder\" ><hr><\/div><\/div><\/div><div class=\"rowItem col-md-4 col-ms-12 btTextLeft\"  data-width=\"4\"><div class=\"rowItemContent\" ><\/div><\/div><\/div><\/div><div class=\"boldRow \" ><div class=\"boldRowInner\"><div class=\"rowItem col-md-4 col-ms-12 btTextLeft animate animate-fadein inherit btTextIndent\"  data-width=\"4\"><div class=\"rowItemContent\" style = \"background-color: rgba(255, 255, 255, 1); \"><div class=\"bpgPhoto btDefaultHoverType\" > \r\n\t\t\t\t\t<a href=\"#\" target=\"_self\" title=\"Yeni ba\u015flayan \u00e7al\u0131\u015fanlar\u0131m\u0131z\u0131n adaptasyon s\u00fcre\u00e7lerini kolayla\u015ft\u0131r\u0131yor ve ekip i\u00e7i ileti\u015fimlerini g\u00fc\u00e7lendirmeye odaklan\u0131yoruz.\"><\/a>\r\n\t\t\t\t\t<div class=\"boldPhotoBox\"><div class=\"bpbItem\"><div class = \"btImage\"><img decoding=\"async\" src=\"https:\/\/mitasfasteners.com\/wp-content\/uploads\/2025\/03\/a11.jpg\" alt=\"\" title=\"Yeni ba\u015flayan \u00e7al\u0131\u015fanlar\u0131m\u0131z\u0131n adaptasyon s\u00fcre\u00e7lerini kolayla\u015ft\u0131r\u0131yor ve ekip i\u00e7i ileti\u015fimlerini g\u00fc\u00e7lendirmeye odaklan\u0131yoruz.\"><\/div><\/div><\/div>\r\n\t\t\t\t\t<div class=\"captionPane btDarkSkin btTextCenter\">\r\n\t\t\t\t\t\t<div class=\"captionTable\">\r\n\t\t\t\t\t\t\t<div class=\"captionCell\">\r\n\t\t\t\t\t\t\t\t<div class=\"captionTxt\"><header class=\"header btClear extrasmall\" ><div class=\"dash\"><h4><span class=\"headline\">Yeni ba\u015flayan \u00e7al\u0131\u015fanlar\u0131m\u0131z\u0131n adaptasyon s\u00fcre\u00e7lerini kolayla\u015ft\u0131r\u0131yor ve ekip i\u00e7i ileti\u015fimlerini g\u00fc\u00e7lendirmeye odaklan\u0131yoruz.<\/span><\/h4><\/div><\/header><\/div>\r\n\t\t\t\t\t\t\t<\/div>\r\n\t\t\t\t\t\t<\/div>\r\n\t\t\t\t\t<\/div><\/div><\/div><\/div><div class=\"rowItem col-md-4 col-ms-12 btTextLeft animate animate-fadein inherit btTextIndent\"  data-width=\"4\"><div class=\"rowItemContent\" style = \"background-color: rgba(255, 255, 255, 1); \"><div class=\"bpgPhoto btDefaultHoverType\" > \r\n\t\t\t\t\t<a href=\"#\" target=\"_self\" title=\"Kendi uzman e\u011fitmenlerimiz ve alan\u0131nda yetkin d\u0131\u015f e\u011fitmenlerle, \u00e7al\u0131\u015fanlar\u0131m\u0131z\u0131n taleplerine ve geli\u015fim ihtiya\u00e7lar\u0131na y\u00f6nelik e\u011fitimler sunarak donan\u0131mlar\u0131n\u0131 art\u0131r\u0131yoruz.\"><\/a>\r\n\t\t\t\t\t<div class=\"boldPhotoBox\"><div class=\"bpbItem\"><div class = \"btImage\"><img decoding=\"async\" src=\"https:\/\/mitasfasteners.com\/wp-content\/uploads\/2025\/03\/a222.jpg\" alt=\"\" title=\"Kendi uzman e\u011fitmenlerimiz ve alan\u0131nda yetkin d\u0131\u015f e\u011fitmenlerle, \u00e7al\u0131\u015fanlar\u0131m\u0131z\u0131n taleplerine ve geli\u015fim ihtiya\u00e7lar\u0131na y\u00f6nelik e\u011fitimler sunarak donan\u0131mlar\u0131n\u0131 art\u0131r\u0131yoruz.\"><\/div><\/div><\/div>\r\n\t\t\t\t\t<div class=\"captionPane btDarkSkin btTextCenter\">\r\n\t\t\t\t\t\t<div class=\"captionTable\">\r\n\t\t\t\t\t\t\t<div class=\"captionCell\">\r\n\t\t\t\t\t\t\t\t<div class=\"captionTxt\"><header class=\"header btClear extrasmall\" ><div class=\"dash\"><h4><span class=\"headline\">Kendi uzman e\u011fitmenlerimiz ve alan\u0131nda yetkin d\u0131\u015f e\u011fitmenlerle, \u00e7al\u0131\u015fanlar\u0131m\u0131z\u0131n taleplerine ve geli\u015fim ihtiya\u00e7lar\u0131na y\u00f6nelik e\u011fitimler sunarak donan\u0131mlar\u0131n\u0131 art\u0131r\u0131yoruz.<\/span><\/h4><\/div><\/header><\/div>\r\n\t\t\t\t\t\t\t<\/div>\r\n\t\t\t\t\t\t<\/div>\r\n\t\t\t\t\t<\/div><\/div><\/div><\/div><div class=\"rowItem col-md-4 col-ms-12 btTextLeft animate animate-fadein inherit btTextIndent\"  data-width=\"4\"><div class=\"rowItemContent\" style = \"background-color: rgba(255, 255, 255, 1); \"><div class=\"bpgPhoto btDefaultHoverType\" > \r\n\t\t\t\t\t<a href=\"#\" target=\"_self\" title=\"\u00c7al\u0131\u015fanlar\u0131m\u0131z\u0131n iyi olu\u015f haline \u00f6nem veriyor; hem bireysel geli\u015fimlerine destek olacak hem de verimli bir i\u015f ortam\u0131 yaratmay\u0131 hedefleyen e\u011fitimler d\u00fczenliyoruz.\"><\/a>\r\n\t\t\t\t\t<div class=\"boldPhotoBox\"><div class=\"bpbItem\"><div class = \"btImage\"><img decoding=\"async\" src=\"https:\/\/mitasfasteners.com\/wp-content\/uploads\/2025\/03\/a333.jpg\" alt=\"\" title=\"\u00c7al\u0131\u015fanlar\u0131m\u0131z\u0131n iyi olu\u015f haline \u00f6nem veriyor; hem bireysel geli\u015fimlerine destek olacak hem de verimli bir i\u015f ortam\u0131 yaratmay\u0131 hedefleyen e\u011fitimler d\u00fczenliyoruz.\"><\/div><\/div><\/div>\r\n\t\t\t\t\t<div class=\"captionPane btDarkSkin btTextCenter\">\r\n\t\t\t\t\t\t<div class=\"captionTable\">\r\n\t\t\t\t\t\t\t<div class=\"captionCell\">\r\n\t\t\t\t\t\t\t\t<div class=\"captionTxt\"><header class=\"header btClear extrasmall\" ><div class=\"dash\"><h4><span class=\"headline\">\u00c7al\u0131\u015fanlar\u0131m\u0131z\u0131n iyi olu\u015f haline \u00f6nem veriyor; hem bireysel geli\u015fimlerine destek olacak hem de verimli bir i\u015f ortam\u0131 yaratmay\u0131 hedefleyen e\u011fitimler d\u00fczenliyoruz.<\/span><\/h4><\/div><\/header><\/div>\r\n\t\t\t\t\t\t\t<\/div>\r\n\t\t\t\t\t\t<\/div>\r\n\t\t\t\t\t<\/div><\/div><\/div><\/div><\/div><\/div><div class=\"boldRow \" ><div class=\"boldRowInner\"><div class=\"rowItem col-md-4 col-ms-12 btTextLeft animate animate-fadein inherit btTextIndent\"  data-width=\"4\"><div class=\"rowItemContent\" style = \"background-color: rgba(255, 255, 255, 1); \"><div class=\"bpgPhoto btDefaultHoverType\" > \r\n\t\t\t\t\t<a href=\"#\" target=\"_self\" title=\"Personellerimizin meslek hayatlar\u0131nda ilerlemelerini desteklemek ad\u0131na, alan\u0131nda uzman profesyonellerden e\u011fitim alma imk\u00e2n\u0131 sunuyoruz.\"><\/a>\r\n\t\t\t\t\t<div class=\"boldPhotoBox\"><div class=\"bpbItem\"><div class = \"btImage\"><img decoding=\"async\" src=\"https:\/\/mitasfasteners.com\/wp-content\/uploads\/2025\/03\/a444.jpg\" alt=\"\" title=\"Personellerimizin meslek hayatlar\u0131nda ilerlemelerini desteklemek ad\u0131na, alan\u0131nda uzman profesyonellerden e\u011fitim alma imk\u00e2n\u0131 sunuyoruz.\"><\/div><\/div><\/div>\r\n\t\t\t\t\t<div class=\"captionPane btDarkSkin btTextCenter\">\r\n\t\t\t\t\t\t<div class=\"captionTable\">\r\n\t\t\t\t\t\t\t<div class=\"captionCell\">\r\n\t\t\t\t\t\t\t\t<div class=\"captionTxt\"><header class=\"header btClear extrasmall\" ><div class=\"dash\"><h4><span class=\"headline\">Personellerimizin meslek hayatlar\u0131nda ilerlemelerini desteklemek ad\u0131na, alan\u0131nda uzman profesyonellerden e\u011fitim alma imk\u00e2n\u0131 sunuyoruz.<\/span><\/h4><\/div><\/header><\/div>\r\n\t\t\t\t\t\t\t<\/div>\r\n\t\t\t\t\t\t<\/div>\r\n\t\t\t\t\t<\/div><\/div><\/div><\/div><div class=\"rowItem col-md-4 col-ms-12 btTextLeft animate animate-fadein inherit btTextIndent\"  data-width=\"4\"><div class=\"rowItemContent\" style = \"background-color: rgba(255, 255, 255, 1); \"><div class=\"bpgPhoto btDefaultHoverType\" > \r\n\t\t\t\t\t<a href=\"#\" target=\"_self\" title=\"Meslek hayat\u0131na ad\u0131m atmaya haz\u0131rlanan \u00fcniversite \u00f6\u011frencilerini program\u0131m\u0131za dahil ederek, i\u015f hayat\u0131na ge\u00e7i\u015f s\u00fcre\u00e7lerini destekliyor ve onlar\u0131 profesyonel d\u00fcnyaya haz\u0131rl\u0131yoruz.\"><\/a>\r\n\t\t\t\t\t<div class=\"boldPhotoBox\"><div class=\"bpbItem\"><div class = \"btImage\"><img decoding=\"async\" src=\"https:\/\/mitasfasteners.com\/wp-content\/uploads\/2025\/03\/a555.jpg\" alt=\"\" title=\"Meslek hayat\u0131na ad\u0131m atmaya haz\u0131rlanan \u00fcniversite \u00f6\u011frencilerini program\u0131m\u0131za dahil ederek, i\u015f hayat\u0131na ge\u00e7i\u015f s\u00fcre\u00e7lerini destekliyor ve onlar\u0131 profesyonel d\u00fcnyaya haz\u0131rl\u0131yoruz.\"><\/div><\/div><\/div>\r\n\t\t\t\t\t<div class=\"captionPane btDarkSkin btTextCenter\">\r\n\t\t\t\t\t\t<div class=\"captionTable\">\r\n\t\t\t\t\t\t\t<div class=\"captionCell\">\r\n\t\t\t\t\t\t\t\t<div class=\"captionTxt\"><header class=\"header btClear extrasmall\" ><div class=\"dash\"><h4><span class=\"headline\">Meslek hayat\u0131na ad\u0131m atmaya haz\u0131rlanan \u00fcniversite \u00f6\u011frencilerini program\u0131m\u0131za dahil ederek, i\u015f hayat\u0131na ge\u00e7i\u015f s\u00fcre\u00e7lerini destekliyor ve onlar\u0131 profesyonel d\u00fcnyaya haz\u0131rl\u0131yoruz.<\/span><\/h4><\/div><\/header><\/div>\r\n\t\t\t\t\t\t\t<\/div>\r\n\t\t\t\t\t\t<\/div>\r\n\t\t\t\t\t<\/div><\/div><\/div><\/div><div class=\"rowItem col-md-4 col-ms-12 btTextLeft animate animate-fadein inherit btTextIndent\"  data-width=\"4\"><div class=\"rowItemContent\" style = \"background-color: rgba(255, 255, 255, 1); \"><div class=\"bpgPhoto btDefaultHoverType\" > \r\n\t\t\t\t\t<a href=\"#\" target=\"_self\" title=\"M\u0130TA\u015e Akademi\u2019nin online \u00f6\u011frenme platformu ile \u00e7al\u0131\u015fanlar\u0131m\u0131z\u0131n bireysel \u00f6\u011frenme deneyimlerini zenginle\u015ftiriyoruz. Ki\u015fiye \u00f6zel i\u00e7erikler ve ayl\u0131k d\u00fczenli e\u011fitim payla\u015f\u0131mlar\u0131yla \u00f6\u011frenme s\u00fcrecini her an eri\u015filebilir hale getiriyoruz.\"><\/a>\r\n\t\t\t\t\t<div class=\"boldPhotoBox\"><div class=\"bpbItem\"><div class = \"btImage\"><img decoding=\"async\" src=\"https:\/\/mitasfasteners.com\/wp-content\/uploads\/2025\/03\/a66.jpg\" alt=\"\" title=\"M\u0130TA\u015e Akademi\u2019nin online \u00f6\u011frenme platformu ile \u00e7al\u0131\u015fanlar\u0131m\u0131z\u0131n bireysel \u00f6\u011frenme deneyimlerini zenginle\u015ftiriyoruz. Ki\u015fiye \u00f6zel i\u00e7erikler ve ayl\u0131k d\u00fczenli e\u011fitim payla\u015f\u0131mlar\u0131yla \u00f6\u011frenme s\u00fcrecini her an eri\u015filebilir hale getiriyoruz.\"><\/div><\/div><\/div>\r\n\t\t\t\t\t<div class=\"captionPane btDarkSkin btTextCenter\">\r\n\t\t\t\t\t\t<div class=\"captionTable\">\r\n\t\t\t\t\t\t\t<div class=\"captionCell\">\r\n\t\t\t\t\t\t\t\t<div class=\"captionTxt\"><header class=\"header btClear extrasmall\" ><div class=\"dash\"><h4><span class=\"headline\">M\u0130TA\u015e Akademi\u2019nin online \u00f6\u011frenme platformu ile \u00e7al\u0131\u015fanlar\u0131m\u0131z\u0131n bireysel \u00f6\u011frenme deneyimlerini zenginle\u015ftiriyoruz. Ki\u015fiye \u00f6zel i\u00e7erikler ve ayl\u0131k d\u00fczenli e\u011fitim payla\u015f\u0131mlar\u0131yla \u00f6\u011frenme s\u00fcrecini her an eri\u015filebilir hale getiriyoruz.<\/span><\/h4><\/div><\/header><\/div>\r\n\t\t\t\t\t\t\t<\/div>\r\n\t\t\t\t\t\t<\/div>\r\n\t\t\t\t\t<\/div><\/div><\/div><\/div><\/div><\/div><\/div><\/div><\/div><\/section><section id=\"bt_section69dabbb3d581f\" data-parallax=\"0\" data-parallax-offset=\"0\" class=\"boldSection topSpaced bottomSemiSpaced btDarkSkin gutter boxed inherit btParallax wBackground cover wBackground cover btBackgroundOverlay btSolidDarkBackground\" style=\"background-image:url('https:\/\/mitasfasteners.com\/wp-content\/uploads\/2025\/03\/anasayfabannerlardan1.jpg');\"><div class=\"port\"><div class=\"boldCell\"><div class=\"boldCellInner\"><div class=\"boldRow \" ><div class=\"boldRowInner\"><div class=\"rowItem col-md-12 col-ms-12  btTextLeft animate animate-fadein inherit\"  data-width=\"12\"><div class=\"rowItemContent\" ><div class=\"btClear btSeparator topSmallSpaced bottomSmallSpaced noBorder\" ><hr><\/div><header class=\"header btClear large  regular\" ><div class=\"dash\"><h2><span class=\"headline\">M\u0130TA\u015e Akademi ile gelece\u011finize yat\u0131r\u0131m yaparken, birlikte daha g\u00fc\u00e7l\u00fc bir yar\u0131n in\u015fa ediyoruz!<\/span><\/h2><\/div><\/header><div class=\"btClear btSeparator bottomSemiSpaced noBorder\" ><hr><\/div><\/div><\/div><\/div><\/div><div class=\"boldRow \" ><div class=\"boldRowInner\"><\/div><\/div><\/div><\/div><\/div><\/section><\/p>\n","protected":false},"excerpt":{"rendered":"","protected":false},"author":2,"featured_media":3849,"parent":0,"menu_order":0,"comment_status":"closed","ping_status":"closed","template":"","meta":{"footnotes":""},"class_list":["post-2894","page","type-page","status-publish","has-post-thumbnail","hentry"],"_links":{"self":[{"href":"https:\/\/mitasfasteners.com\/tr\/wp-json\/wp\/v2\/pages\/2894","targetHints":{"allow":["GET"]}}],"collection":[{"href":"https:\/\/mitasfasteners.com\/tr\/wp-json\/wp\/v2\/pages"}],"about":[{"href":"https:\/\/mitasfasteners.com\/tr\/wp-json\/wp\/v2\/types\/page"}],"author":[{"embeddable":true,"href":"https:\/\/mitasfasteners.com\/tr\/wp-json\/wp\/v2\/users\/2"}],"replies":[{"embeddable":true,"href":"https:\/\/mitasfasteners.com\/tr\/wp-json\/wp\/v2\/comments?post=2894"}],"version-history":[{"count":10,"href":"https:\/\/mitasfasteners.com\/tr\/wp-json\/wp\/v2\/pages\/2894\/revisions"}],"predecessor-version":[{"id":3893,"href":"https:\/\/mitasfasteners.com\/tr\/wp-json\/wp\/v2\/pages\/2894\/revisions\/3893"}],"wp:featuredmedia":[{"embeddable":true,"href":"https:\/\/mitasfasteners.com\/tr\/wp-json\/wp\/v2\/media\/3849"}],"wp:attachment":[{"href":"https:\/\/mitasfasteners.com\/tr\/wp-json\/wp\/v2\/media?parent=2894"}],"curies":[{"name":"wp","href":"https:\/\/api.w.org\/{rel}","templated":true}]}}