{"id":2272,"date":"2016-10-26T07:03:51","date_gmt":"2016-10-26T07:03:51","guid":{"rendered":"http:\/\/industrial.bold-themes.com\/main-demo\/?page_id=2272"},"modified":"2025-03-24T12:12:12","modified_gmt":"2025-03-24T12:12:12","slug":"vizyon-misyon","status":"publish","type":"page","link":"https:\/\/mitasfasteners.com\/tr\/vizyon-misyon\/","title":{"rendered":"Vizyon ve Misyon"},"content":{"rendered":"<section id=\"bt_section69dabb7d53dc7\"  class=\"boldSection topSemiSpaced bottomSemiSpaced btAlternateColorBackground gutter boxed inherit\" style=\"background-color:#f2f1ed  !important;\"><div class=\"port\"><div class=\"boldCell\"><div class=\"boldCellInner\"><div class=\"boldRow \" ><div class=\"boldRowInner\"><div class=\"rowItem col-md-6 col-sm-12 btTextLeft animate animate-fadein inherit\"  data-width=\"6\"><div class=\"rowItemContent\" ><header class=\"header btClear large btDash bottomDash  regular\" ><div class=\"dash\"><h2><span class=\"headline\">Vizyon<\/span><\/h2><\/div><div class=\"btSubTitle\">M\u0130TA\u015e CIVATA ulusal ve uluslararas\u0131 pazarlarda sekt\u00f6r\u00fcne y\u00f6n veren k\u00fcresel bir marka olma hedefi do\u011frultusunda faaliyetlerini; uluslararas\u0131 standartlara uygun kurumsal y\u00f6netim anlay\u0131\u015f\u0131, m\u00fc\u015fteri memnuniyeti, s\u00fcrd\u00fcr\u00fclebilirlik ve payda\u015flar\u0131na de\u011fer yaratma ilkeleri \u00e7er\u00e7evesinde y\u00fcr\u00fctmektedir.<\/div><\/header><div class=\"btClear btSeparator bottomSmallSpaced noBorder\" ><hr><\/div><div class=\"btText\" ><p><\/p>\n<\/div><div class=\"btClear btSeparator topSemiSpaced noBorder\" ><hr><\/div><\/div><\/div><div class=\"rowItem col-md-6 col-sm-12 btTextLeft animate animate-fadein inherit\"  data-width=\"6\"><div class=\"rowItemContent\" ><div class=\"bpgPhoto btDefaultHoverType\" ><div class = \"btImage\"><img decoding=\"async\" src=\"https:\/\/mitasfasteners.com\/wp-content\/uploads\/2025\/03\/vizyon.jpg\" alt=\"\" title=\"\"><\/div><\/div><div class=\"btClear btSeparator topSemiSpaced noBorder\" ><hr><\/div><\/div><\/div><\/div><\/div><div class=\"boldRow \" ><div class=\"boldRowInner\"><div class=\"rowItem col-md-12 col-ms-12  btTextLeft\"  data-width=\"12\"><div class=\"rowItemContent\" ><div class=\"btClear btSeparator bottomSemiSpaced border\" ><hr><\/div><\/div><\/div><\/div><\/div><div class=\"boldRow \" ><div class=\"boldRowInner\"><div class=\"rowItem col-md-6 col-sm-12 btTextLeft animate animate-fadein inherit\"  data-width=\"6\"><div class=\"rowItemContent\" ><div class=\"bpgPhoto btDefaultHoverType\" ><div class = \"btImage\"><img decoding=\"async\" src=\"https:\/\/mitasfasteners.com\/wp-content\/uploads\/2025\/03\/misyon.jpg\" alt=\"\" title=\"\"><\/div><\/div><div class=\"btClear btSeparator topSemiSpaced noBorder\" ><hr><\/div><\/div><\/div><div class=\"rowItem col-md-6 col-sm-12 btTextLeft animate animate-fadein inherit\"  data-width=\"6\"><div class=\"rowItemContent\" ><header class=\"header btClear large btDash bottomDash  regular\" ><div class=\"dash\"><h2><span class=\"headline\">Misyon<\/span><\/h2><\/div><div class=\"btSubTitle\">M\u0130TA\u015e CIVATA, insan ya\u015fam kalitesini art\u0131rmak ve k\u00fcresel geli\u015fime katk\u0131da bulunmak amac\u0131yla; ekonomik, \u00f6zg\u00fcn, yenilik\u00e7i ve g\u00fcvenilir \u00fcr\u00fcn, \u00e7\u00f6z\u00fcm ve hizmetleri uluslararas\u0131 \u00f6l\u00e7ekte sunan g\u00fc\u00e7l\u00fc bir k\u00fcresel oyuncu olmay\u0131 hedeflemektedir.<\/div><\/header><div class=\"btClear btSeparator bottomSmallSpaced noBorder\" ><hr><\/div><div class=\"btText\" ><p><\/p>\n<\/div><div class=\"btClear btSeparator topSemiSpaced noBorder\" ><hr><\/div><\/div><\/div><\/div><\/div><\/div><\/div><\/div><\/section>\n","protected":false},"excerpt":{"rendered":"","protected":false},"author":2,"featured_media":3868,"parent":0,"menu_order":0,"comment_status":"closed","ping_status":"closed","template":"","meta":{"footnotes":""},"class_list":["post-2272","page","type-page","status-publish","has-post-thumbnail","hentry"],"_links":{"self":[{"href":"https:\/\/mitasfasteners.com\/tr\/wp-json\/wp\/v2\/pages\/2272","targetHints":{"allow":["GET"]}}],"collection":[{"href":"https:\/\/mitasfasteners.com\/tr\/wp-json\/wp\/v2\/pages"}],"about":[{"href":"https:\/\/mitasfasteners.com\/tr\/wp-json\/wp\/v2\/types\/page"}],"author":[{"embeddable":true,"href":"https:\/\/mitasfasteners.com\/tr\/wp-json\/wp\/v2\/users\/2"}],"replies":[{"embeddable":true,"href":"https:\/\/mitasfasteners.com\/tr\/wp-json\/wp\/v2\/comments?post=2272"}],"version-history":[{"count":5,"href":"https:\/\/mitasfasteners.com\/tr\/wp-json\/wp\/v2\/pages\/2272\/revisions"}],"predecessor-version":[{"id":3544,"href":"https:\/\/mitasfasteners.com\/tr\/wp-json\/wp\/v2\/pages\/2272\/revisions\/3544"}],"wp:featuredmedia":[{"embeddable":true,"href":"https:\/\/mitasfasteners.com\/tr\/wp-json\/wp\/v2\/media\/3868"}],"wp:attachment":[{"href":"https:\/\/mitasfasteners.com\/tr\/wp-json\/wp\/v2\/media?parent=2272"}],"curies":[{"name":"wp","href":"https:\/\/api.w.org\/{rel}","templated":true}]}}