{"id":1097,"date":"2016-07-13T12:12:12","date_gmt":"2016-07-13T12:12:12","guid":{"rendered":"http:\/\/finance.bold-themes.com\/main-demo\/?page_id=1097"},"modified":"2025-09-09T09:01:43","modified_gmt":"2025-09-09T09:01:43","slug":"cevre","status":"publish","type":"page","link":"https:\/\/mitasfasteners.com\/tr\/cevre\/","title":{"rendered":"\u00c7evre"},"content":{"rendered":"<section id=\"bt_section69dabb9ecccae\"  class=\"boldSection topSemiSpaced bottomSemiSpaced btAlternateColorBackground gutter boxed inherit\" style=\"background-color:rgba(242,241,237,0)  !important;\"><div class=\"port\"><div class=\"boldCell\"><div class=\"boldCellInner\"><div class=\"boldRow \" ><div class=\"boldRowInner\"><div class=\"rowItem col-md-6 col-sm-12 btTextLeft animate animate-fadein inherit\"  data-width=\"6\"><div class=\"rowItemContent\" ><header class=\"header btClear large btDash bottomDash  regular\" ><div class=\"dash\"><h2><span class=\"headline\">\u00c7evre ve S\u00fcrd\u00fcr\u00fclebilirlik Politikam\u0131z<\/span><\/h2><\/div><\/header><div class=\"btClear btSeparator bottomSmallSpaced noBorder\" ><hr><\/div><div class=\"btText\" ><\/p>\n<p>\u015eirket politikam\u0131z ve stratejilerimizin temel bir unsuru olarak \u00e7evre, s\u00fcrd\u00fcr\u00fclebilirlik anlay\u0131\u015f\u0131m\u0131z\u0131n merkezinde yer almaktad\u0131r. Do\u011fal kaynaklar\u0131n korunmas\u0131, kirlili\u011fin azalt\u0131lmas\u0131 ve at\u0131k y\u00f6netiminin etkin bir \u015fekilde optimize edilmesi konular\u0131nda kararl\u0131l\u0131kla \u00e7al\u0131\u015fmaktay\u0131z.<\/p>\n<p>\u00dcr\u00fcnlerimizin \u00e7evresel etkilerini izlemek ve payda\u015flar\u0131m\u0131za \u015feffaf bir \u015fekilde bilgi sunmak amac\u0131yla &#8220;Ya\u015fam D\u00f6ng\u00fcs\u00fc De\u011ferlendirmesi&#8221; yakla\u015f\u0131m\u0131n\u0131 benimsemekteyiz. Bu do\u011frultuda, \u00e7elik direk ve portal \u00fcr\u00fcnlerimiz i\u00e7in \u00c7evresel \u00dcr\u00fcn Beyanlar\u0131 (EPD) haz\u0131rlayarak \u00e7evresel performans\u0131m\u0131z\u0131 belgelendirmekteyiz.<\/p>\n<p>Gelecek nesillere ya\u015fanabilir bir d\u00fcnya b\u0131rakma sorumlulu\u011fuyla, \u00e7evre dostu \u00fcretim s\u00fcre\u00e7leri ve s\u00fcrd\u00fcr\u00fclebilirlik hedeflerimiz do\u011frultusunda \u00e7al\u0131\u015fmalar\u0131m\u0131za kararl\u0131l\u0131kla devam ediyoruz.<\/p>\n<p>\n<\/div><div class=\"btClear btSeparator topSemiSpaced noBorder\" ><hr><\/div><\/div><\/div><div class=\"rowItem col-md-6 col-sm-12 btTextLeft animate animate-fadein inherit\"  data-width=\"6\"><div class=\"rowItemContent\" ><div class=\"bpgPhoto btDefaultHoverType\" ><div class = \"btImage\"><img decoding=\"async\" src=\"https:\/\/mitasfasteners.com\/wp-content\/uploads\/2025\/03\/Cevre-ve-Surdurulebilirlik-Politikamiz.jpg\" alt=\"\" title=\"\"><\/div><\/div><div class=\"btClear btSeparator topSemiSpaced noBorder\" ><hr><\/div><\/div><\/div><\/div><\/div><div class=\"boldRow \" ><div class=\"boldRowInner\"><div class=\"rowItem col-md-12 col-ms-12  btTextLeft\"  data-width=\"12\"><div class=\"rowItemContent\" ><div class=\"btClear btSeparator bottomSemiSpaced border\" ><hr><\/div><\/div><\/div><\/div><\/div><div class=\"boldRow \" ><div class=\"boldRowInner\"><div class=\"rowItem col-md-6 col-sm-12 btTextLeft animate animate-fadein inherit\"  data-width=\"6\"><div class=\"rowItemContent\" ><div class=\"bpgPhoto btDefaultHoverType\" ><div class = \"btImage\"><img decoding=\"async\" src=\"https:\/\/mitasfasteners.com\/wp-content\/uploads\/2025\/03\/Emisyon-Yonetimi-ve-Sera-Gazi-Azaltim-Stratejimiz.jpg\" alt=\"\" title=\"\"><\/div><\/div><div class=\"btClear btSeparator topSemiSpaced noBorder\" ><hr><\/div><\/div><\/div><div class=\"rowItem col-md-6 col-sm-12 btTextLeft animate animate-fadein inherit\"  data-width=\"6\"><div class=\"rowItemContent\" ><header class=\"header btClear large btDash bottomDash  regular\" ><div class=\"dash\"><h2><span class=\"headline\">Emisyon Y\u00f6netimi ve Sera Gaz\u0131 Azalt\u0131m Stratejimiz<\/span><\/h2><\/div><\/header><div class=\"btClear btSeparator bottomSmallSpaced noBorder\" ><hr><\/div><div class=\"btText\" ><\/p>\n<p>M\u0130TA\u015e CIVATA Fabrikas\u0131 olarak, gelecek nesillere daha s\u00fcrd\u00fcr\u00fclebilir bir d\u00fcnya b\u0131rakma hedefi do\u011frultusunda i\u015f operasyonlar\u0131m\u0131zdan kaynaklanan karbon emisyonlar\u0131m\u0131z\u0131 en aza indirmeyi ama\u00e7lamaktay\u0131z. Bu kapsamda, karbon n\u00f6trleme \u00e7al\u0131\u015fmalar\u0131 y\u00fcr\u00fctmekte, yenilenebilir enerji kaynaklar\u0131n\u0131n kullan\u0131m\u0131n\u0131 art\u0131rmakta ve tedarik zinciri analizi ile i\u015f birli\u011fi yaparak Kapsam 3 emisyonlar\u0131m\u0131z\u0131 azaltmay\u0131 hedeflemekteyiz.<\/p>\n<p>\u0130klim de\u011fi\u015fikli\u011fi ile m\u00fccadelede toplumsal fark\u0131ndal\u0131\u011f\u0131 art\u0131rmak ve payda\u015f kat\u0131l\u0131m\u0131n\u0131 te\u015fvik etmek amac\u0131yla, \u00e7al\u0131\u015fanlar\u0131m\u0131za y\u00f6nelik d\u00fczenli olarak s\u00fcrd\u00fcr\u00fclebilirlik e\u011fitimleri ve fark\u0131ndal\u0131k programlar\u0131 sunmaktay\u0131z.<\/p>\n<p>\n<\/div><div class=\"btClear btSeparator topSemiSpaced noBorder\" ><hr><\/div><\/div><\/div><\/div><\/div><div class=\"boldRow \" ><div class=\"boldRowInner\"><div class=\"rowItem col-md-6 col-sm-12 btTextLeft animate animate-fadein inherit\"  data-width=\"6\"><div class=\"rowItemContent\" ><header class=\"header btClear large btDash bottomDash  regular\" ><div class=\"dash\"><h2><span class=\"headline\">Sera Gaz\u0131 Emisyonlar\u0131n\u0131n Y\u00f6netimi<\/span><\/h2><\/div><\/header><div class=\"btClear btSeparator bottomSmallSpaced noBorder\" ><hr><\/div><div class=\"btText\" ><\/p>\n<p>Kurumsal s\u00fcrd\u00fcr\u00fclebilirlik hedeflerimiz do\u011frultusunda, sera gaz\u0131 emisyonlar\u0131m\u0131z\u0131 uluslararas\u0131 kabul g\u00f6rm\u00fc\u015f ISO 14064 standard\u0131 \u00e7er\u00e7evesinde \u00f6l\u00e7mekte ve de\u011ferlendirmekteyiz. Bu sayede, \u00e7evresel etkilerimizi detayl\u0131 bir \u015fekilde analiz ederek \u015feffaf ileti\u015fim sa\u011flamak ve s\u00fcrekli iyile\u015ftirme prensibiyle \u00e7evresel performans\u0131m\u0131z\u0131 geli\u015ftirmek i\u00e7in kararl\u0131l\u0131kla \u00e7al\u0131\u015f\u0131yoruz.<\/p>\n<p>\n<\/div><div class=\"btClear btSeparator topSemiSpaced noBorder\" ><hr><\/div><\/div><\/div><div class=\"rowItem col-md-6 col-sm-12 btTextLeft animate animate-fadein inherit\"  data-width=\"6\"><div class=\"rowItemContent\" ><div class=\"bpgPhoto btDefaultHoverType\" ><div class = \"btImage\"><img decoding=\"async\" src=\"https:\/\/mitasfasteners.com\/wp-content\/uploads\/2025\/03\/Sera-Gazi-Emisyonlarinin-Yonetimi.jpg\" alt=\"\" title=\"\"><\/div><\/div><div class=\"btClear btSeparator topSemiSpaced noBorder\" ><hr><\/div><\/div><\/div><\/div><\/div><div class=\"boldRow \" ><div class=\"boldRowInner\"><div class=\"rowItem col-md-6 col-sm-12 btTextLeft animate animate-fadein inherit\"  data-width=\"6\"><div class=\"rowItemContent\" ><div class=\"bpgPhoto btDefaultHoverType\" ><div class = \"btImage\"><img decoding=\"async\" src=\"https:\/\/mitasfasteners.com\/wp-content\/uploads\/2025\/03\/Atik-Yonetimi-Politikamiz.jpg\" alt=\"\" title=\"\"><\/div><\/div><div class=\"btClear btSeparator topSemiSpaced noBorder\" ><hr><\/div><\/div><\/div><div class=\"rowItem col-md-6 col-sm-12 btTextLeft animate animate-fadein inherit\"  data-width=\"6\"><div class=\"rowItemContent\" ><header class=\"header btClear large btDash bottomDash  regular\" ><div class=\"dash\"><h2><span class=\"headline\">At\u0131k Y\u00f6netimi Politikam\u0131z<\/span><\/h2><\/div><\/header><div class=\"btClear btSeparator bottomSmallSpaced noBorder\" ><hr><\/div><div class=\"btText\" ><\/p>\n<p>M\u0130TA\u015e CIVATA Fabrikas\u0131 olarak, s\u00fcrd\u00fcr\u00fclebilirlik hedeflerimiz do\u011frultusunda at\u0131k y\u00f6netim s\u00fcre\u00e7lerimizi ISO 14001 \u00c7evre Y\u00f6netim Sistemi Standard\u0131 ile uyumlu \u015fekilde y\u00fcr\u00fctmekteyiz. \u00dcretim faaliyetlerimizden kaynaklanan evsel, end\u00fcstriyel, tehlikeli ve tehlikesiz at\u0131klar\u0131n y\u00f6netiminde ya\u015fam d\u00f6ng\u00fcs\u00fc yakla\u015f\u0131m\u0131n\u0131 benimseyerek, at\u0131klar\u0131n kayna\u011f\u0131nda ayr\u0131\u015ft\u0131r\u0131lmas\u0131, toplanmas\u0131, m\u00fcmk\u00fcn oldu\u011funda yeniden kullan\u0131lmas\u0131, mevzuata uygun \u015fekilde depolanmas\u0131 ve lisansl\u0131 geri d\u00f6n\u00fc\u015f\u00fcm firmalar\u0131 arac\u0131l\u0131\u011f\u0131yla bertaraf edilmesini sa\u011flamaktay\u0131z.<\/p>\n<p>\n<\/div><div class=\"btClear btSeparator topSemiSpaced noBorder\" ><hr><\/div><\/div><\/div><\/div><\/div><div class=\"boldRow \" ><div class=\"boldRowInner\"><div class=\"rowItem col-md-6 col-sm-12 btTextLeft animate animate-fadein inherit\"  data-width=\"6\"><div class=\"rowItemContent\" ><header class=\"header btClear large btDash bottomDash  regular\" ><div class=\"dash\"><h2><span class=\"headline\">At\u0131k Y\u00f6netimi Uygulamalar\u0131m\u0131z<\/span><\/h2><\/div><\/header><div class=\"btClear btSeparator bottomSmallSpaced noBorder\" ><hr><\/div><div class=\"btText\" ><\/p>\n<p>At\u0131k y\u00f6netimi operasyonlar\u0131m\u0131z\u0131, ilgili At\u0131k Y\u00f6netimi Y\u00f6netmeli\u011fi ba\u015fta olmak \u00fczere, DAMS ( D\u00f6k\u00fcman ve Aksiyon S\u00fcreci ) Politikam\u0131z ve uluslararas\u0131 standartlar \u00e7er\u00e7evesinde titizlikle y\u00fcr\u00fctmekteyiz. Kaynak t\u00fcketiminin azalt\u0131lmas\u0131 ve \u00e7evresel etkilerin en aza indirilmesi amac\u0131yla s\u00fcrekli iyile\u015ftirme \u00e7al\u0131\u015fmalar\u0131 ger\u00e7ekle\u015ftirerek, d\u00f6ng\u00fcsel ekonomiye katk\u0131da bulunmay\u0131 hedeflemekteyiz.<\/p>\n<p>\n<\/div><div class=\"btClear btSeparator topSemiSpaced noBorder\" ><hr><\/div><\/div><\/div><div class=\"rowItem col-md-6 col-sm-12 btTextLeft animate animate-fadein inherit\"  data-width=\"6\"><div class=\"rowItemContent\" ><div class=\"bpgPhoto btDefaultHoverType\" ><div class = \"btImage\"><img decoding=\"async\" src=\"https:\/\/mitasfasteners.com\/wp-content\/uploads\/2025\/03\/Atik-Yonetimi-Uygulamalarimiz.jpg\" alt=\"\" title=\"\"><\/div><\/div><div class=\"btClear btSeparator topSemiSpaced noBorder\" ><hr><\/div><\/div><\/div><\/div><\/div><div class=\"boldRow \" ><div class=\"boldRowInner\"><div class=\"rowItem col-md-6 col-sm-12 btTextLeft animate animate-fadein inherit\"  data-width=\"6\"><div class=\"rowItemContent\" ><div class=\"bpgPhoto btDefaultHoverType\" ><div class = \"btImage\"><img decoding=\"async\" src=\"https:\/\/mitasfasteners.com\/wp-content\/uploads\/2025\/03\/Biyocesitliligin-Korunmasi-ve-Gelistirilmesi.jpg\" alt=\"\" title=\"\"><\/div><\/div><div class=\"btClear btSeparator topSemiSpaced noBorder\" ><hr><\/div><\/div><\/div><div class=\"rowItem col-md-6 col-sm-12 btTextLeft animate animate-fadein inherit\"  data-width=\"6\"><div class=\"rowItemContent\" ><header class=\"header btClear large btDash bottomDash  regular\" ><div class=\"dash\"><h2><span class=\"headline\">Biyo\u00e7e\u015fitlili\u011fin Korunmas\u0131 ve Geli\u015ftirilmesi<\/span><\/h2><\/div><\/header><div class=\"btClear btSeparator bottomSmallSpaced noBorder\" ><hr><\/div><div class=\"btText\" ><\/p>\n<p>M\u0130TA\u015e CIVATA Fabrikas\u0131 olarak, do\u011fan\u0131n sundu\u011fu zenginli\u011fi koruma ve s\u00fcrd\u00fcr\u00fclebilir ekosistemlere katk\u0131da bulunma sorumlulu\u011fumuzun bilincindeyiz. Bu do\u011frultuda, ekosistemler \u00fczerindeki etkilerimizi pozitif y\u00f6nde art\u0131rmay\u0131 ve biyo\u00e7e\u015fitlili\u011fi tehdit eden unsurlar\u0131 ortadan kald\u0131rmay\u0131 hedeflemekteyiz.<\/p>\n<p>Biyo\u00e7e\u015fitlili\u011fin korunmas\u0131n\u0131 yaln\u0131zca bir \u00e7evresel gereklilik de\u011fil, ayn\u0131 zamanda kurumsal bir sorumluluk olarak g\u00f6rmekteyiz. \u00c7al\u0131\u015fanlar\u0131m\u0131z\u0131n bu konuda bilin\u00e7lendirilmesi amac\u0131yla d\u00fczenli olarak e\u011fitim programlar\u0131 ve fark\u0131ndal\u0131k \u00e7al\u0131\u015fmalar\u0131 y\u00fcr\u00fctmekteyiz. Bu sayede, \u015firket i\u00e7inde biyo\u00e7e\u015fitlili\u011fin korunmas\u0131na y\u00f6nelik g\u00fc\u00e7l\u00fc bir kurumsal k\u00fclt\u00fcr olu\u015fturmay\u0131 ama\u00e7lamaktay\u0131z.<\/p>\n<p>Gelecek nesillere daha ya\u015fanabilir bir d\u00fcnya b\u0131rakmak ad\u0131na, t\u00fcm faaliyetlerimizde biyo\u00e7e\u015fitlili\u011fi destekleyen uygulamalar\u0131 benimseyerek do\u011fal ya\u015fam\u0131n s\u00fcrd\u00fcr\u00fclebilirli\u011fine katk\u0131 sa\u011flama kararl\u0131l\u0131\u011f\u0131m\u0131z\u0131 s\u00fcrd\u00fcrmekteyiz.<\/p>\n<p>\n<\/div><div class=\"btClear btSeparator topSemiSpaced noBorder\" ><hr><\/div><\/div><\/div><\/div><\/div><div class=\"boldRow \" ><div class=\"boldRowInner\"><div class=\"rowItem col-md-6 col-sm-12 btTextLeft animate animate-fadein inherit\"  data-width=\"6\"><div class=\"rowItemContent\" ><header class=\"header btClear large btDash bottomDash  regular\" ><div class=\"dash\"><h2><span class=\"headline\">Enerji Verimlili\u011fi Politikam\u0131z<\/span><\/h2><\/div><\/header><div class=\"btClear btSeparator bottomSmallSpaced noBorder\" ><hr><\/div><div class=\"btText\" ><\/p>\n<p>M\u0130TA\u015e CIVATA Fabrikas\u0131 olarak, enerji verimlili\u011fini kurumsal k\u00fclt\u00fcr\u00fcm\u00fcz\u00fcn temel unsurlar\u0131ndan biri olarak g\u00f6rmekte ve bu alanda s\u00fcrekli geli\u015fen yenilik\u00e7i \u00e7\u00f6z\u00fcmler \u00fcretmekteyiz.<\/p>\n<p>Enerji y\u00f6netim s\u00fcre\u00e7lerimizi, uluslararas\u0131 kabul g\u00f6rm\u00fc\u015f ISO 50001 Enerji Y\u00f6netim Sistemi rehberli\u011finde y\u00fcr\u00fctmekte olup, enerji t\u00fcketimimizi etkin bir \u015fekilde izleyerek s\u00fcrekli iyile\u015ftirme yakla\u015f\u0131m\u0131yla azaltmay\u0131 hedeflemekteyiz. Bu do\u011frultuda, enerji verimlili\u011fini art\u0131rarak i\u015f s\u00fcre\u00e7lerimizde yenilenebilir enerji kaynaklar\u0131na ge\u00e7i\u015fi te\u015fvik etmekte ve enerji kullan\u0131m\u0131m\u0131z\u0131 optimize ederken ayn\u0131 zamanda sera gaz\u0131 emisyonlar\u0131m\u0131z\u0131 azaltmay\u0131 ama\u00e7lamaktay\u0131z.<\/p>\n<p>&nbsp;<\/p>\n<p>\n<\/div><div class=\"btClear btSeparator topSemiSpaced noBorder\" ><hr><\/div><\/div><\/div><div class=\"rowItem col-md-6 col-sm-12 btTextLeft animate animate-fadein inherit\"  data-width=\"6\"><div class=\"rowItemContent\" ><div class=\"bpgPhoto btDefaultHoverType\" ><div class = \"btImage\"><img decoding=\"async\" src=\"https:\/\/mitasfasteners.com\/wp-content\/uploads\/2025\/03\/Enerji-Verimliligi-Politikamiz.jpg\" alt=\"\" title=\"\"><\/div><\/div><div class=\"btClear btSeparator topSemiSpaced noBorder\" ><hr><\/div><\/div><\/div><\/div><\/div><div class=\"boldRow \" ><div class=\"boldRowInner\"><div class=\"rowItem col-md-6 col-sm-12 btTextLeft animate animate-fadein inherit\"  data-width=\"6\"><div class=\"rowItemContent\" ><div class=\"bpgPhoto btDefaultHoverType\" ><div class = \"btImage\"><img decoding=\"async\" src=\"https:\/\/mitasfasteners.com\/wp-content\/uploads\/2025\/03\/Surdurulebilir-Enerji-Kullanimi.jpg\" alt=\"\" title=\"\"><\/div><\/div><div class=\"btClear btSeparator topSemiSpaced noBorder\" ><hr><\/div><\/div><\/div><div class=\"rowItem col-md-6 col-sm-12 btTextLeft animate animate-fadein inherit\"  data-width=\"6\"><div class=\"rowItemContent\" ><header class=\"header btClear large btDash bottomDash  regular\" ><div class=\"dash\"><h2><span class=\"headline\">S\u00fcrd\u00fcr\u00fclebilir Enerji Kullan\u0131m\u0131<\/span><\/h2><\/div><\/header><div class=\"btClear btSeparator bottomSmallSpaced noBorder\" ><hr><\/div><div class=\"btText\" ><\/p>\n<p>Enerji verimlili\u011fi konusunda sekt\u00f6r\u00fcm\u00fczde \u00f6nc\u00fc bir rol \u00fcstlenerek, t\u00fcm operasyonlar\u0131m\u0131z\u0131 s\u00fcrd\u00fcr\u00fclebilir enerji kullan\u0131m\u0131 temelinde y\u00f6netmekteyiz. Enerji tasarrufunu kurumsal s\u00fcrd\u00fcr\u00fclebilirlik stratejilerimizin ayr\u0131lmaz bir par\u00e7as\u0131 olarak benimseyerek, \u00e7evresel sorumluluk bilinciyle \u00e7al\u0131\u015fmalar\u0131m\u0131za kararl\u0131l\u0131kla devam etmekteyiz.<\/p>\n<p>\n<\/div><div class=\"btClear btSeparator topSemiSpaced noBorder\" ><hr><\/div><\/div><\/div><\/div><\/div><div class=\"boldRow \" ><div class=\"boldRowInner\"><div class=\"rowItem col-md-6 col-sm-12 btTextLeft animate animate-fadein inherit\"  data-width=\"6\"><div class=\"rowItemContent\" ><header class=\"header btClear large btDash bottomDash  regular\" ><div class=\"dash\"><h2><span class=\"headline\">Su Y\u00f6netimi Politikam\u0131z<\/span><\/h2><\/div><\/header><div class=\"btClear btSeparator bottomSmallSpaced noBorder\" ><hr><\/div><div class=\"btText\" ><\/p>\n<p>M\u0130TA\u015e CIVATA Fabrikas\u0131 olarak, su y\u00f6netimini \u00e7evresel s\u00fcrd\u00fcr\u00fclebilirlik, ekonomik uygunluk ve toplumsal adalet ilkelerine dayand\u0131rarak, su kaynaklar\u0131n\u0131n gelecek nesillere g\u00fcvenli bir \u015fekilde aktar\u0131lmas\u0131n\u0131 sa\u011flamay\u0131 ama\u00e7lamaktay\u0131z.<\/p>\n<p>Bu kapsamda, su kaynaklar\u0131n\u0131n etkin kullan\u0131m\u0131 ve da\u011f\u0131t\u0131m\u0131, su kalitesinin korunmas\u0131 ve s\u00fcrd\u00fcr\u00fclebilir su y\u00f6netimi ilkelerine ba\u011fl\u0131 kalarak, operasyonlar\u0131m\u0131zdan kaynaklanan at\u0131k sular\u0131n kontroll\u00fc bir \u015fekilde i\u015flenmesi i\u00e7in s\u00fcrekli iyile\u015ftirme faaliyetleri y\u00fcr\u00fctmekteyiz.<\/p>\n<p>Su y\u00f6netimi stratejilerimiz do\u011frultusunda, \u00e7evresel etkileri en aza indirirken, mevzuata tam uyum sa\u011flayarak su kaynaklar\u0131n\u0131n verimli kullan\u0131lmas\u0131n\u0131 sa\u011flamay\u0131 ve s\u00fcrd\u00fcr\u00fclebilir i\u015f s\u00fcre\u00e7leri olu\u015fturmay\u0131 taahh\u00fct etmekteyiz.<\/p>\n<p>\n<\/div><div class=\"btClear btSeparator topSemiSpaced noBorder\" ><hr><\/div><\/div><\/div><div class=\"rowItem col-md-6 col-sm-12 btTextLeft animate animate-fadein inherit\"  data-width=\"6\"><div class=\"rowItemContent\" ><div class=\"bpgPhoto btDefaultHoverType\" ><div class = \"btImage\"><img decoding=\"async\" src=\"https:\/\/mitasfasteners.com\/wp-content\/uploads\/2025\/09\/Water_1-scaled.jpg\" alt=\"\" title=\"Water drop falling into water making a perfect concentric circles. Abstract blue background.\"><\/div><\/div><div class=\"btClear btSeparator topSemiSpaced noBorder\" ><hr><\/div><\/div><\/div><\/div><\/div><\/div><\/div><\/div><\/section>\n","protected":false},"excerpt":{"rendered":"","protected":false},"author":2,"featured_media":3853,"parent":0,"menu_order":0,"comment_status":"closed","ping_status":"closed","template":"","meta":{"footnotes":""},"class_list":["post-1097","page","type-page","status-publish","has-post-thumbnail","hentry"],"_links":{"self":[{"href":"https:\/\/mitasfasteners.com\/tr\/wp-json\/wp\/v2\/pages\/1097","targetHints":{"allow":["GET"]}}],"collection":[{"href":"https:\/\/mitasfasteners.com\/tr\/wp-json\/wp\/v2\/pages"}],"about":[{"href":"https:\/\/mitasfasteners.com\/tr\/wp-json\/wp\/v2\/types\/page"}],"author":[{"embeddable":true,"href":"https:\/\/mitasfasteners.com\/tr\/wp-json\/wp\/v2\/users\/2"}],"replies":[{"embeddable":true,"href":"https:\/\/mitasfasteners.com\/tr\/wp-json\/wp\/v2\/comments?post=1097"}],"version-history":[{"count":7,"href":"https:\/\/mitasfasteners.com\/tr\/wp-json\/wp\/v2\/pages\/1097\/revisions"}],"predecessor-version":[{"id":4026,"href":"https:\/\/mitasfasteners.com\/tr\/wp-json\/wp\/v2\/pages\/1097\/revisions\/4026"}],"wp:featuredmedia":[{"embeddable":true,"href":"https:\/\/mitasfasteners.com\/tr\/wp-json\/wp\/v2\/media\/3853"}],"wp:attachment":[{"href":"https:\/\/mitasfasteners.com\/tr\/wp-json\/wp\/v2\/media?parent=1097"}],"curies":[{"name":"wp","href":"https:\/\/api.w.org\/{rel}","templated":true}]}}