{"id":1094,"date":"2016-07-13T12:11:20","date_gmt":"2016-07-13T12:11:20","guid":{"rendered":"http:\/\/finance.bold-themes.com\/main-demo\/?page_id=1094"},"modified":"2025-06-02T11:40:58","modified_gmt":"2025-06-02T11:40:58","slug":"etik-ilkeler-ve-sosyal-uyum-politikamiz","status":"publish","type":"page","link":"https:\/\/mitasfasteners.com\/tr\/etik-ilkeler-ve-sosyal-uyum-politikamiz\/","title":{"rendered":"Etik \u0130lkeler ve Sosyal Uyum Politikam\u0131z"},"content":{"rendered":"<section id=\"bt_section69dabbe5d2eff\"  class=\"boldSection bottomSemiSpaced gutter boxed inherit\" ><div class=\"port\"><div class=\"boldCell\"><div class=\"boldCellInner\"><div class=\"boldRow \" ><div class=\"boldRowInner\"><div class=\"rowItem col-md-12 col-ms-12  btTextLeft\"  data-width=\"12\"><div class=\"rowItemContent\" ><header class=\"header btClear large btDash bottomDash  regular\" ><div class=\"dash\"><\/div><div class=\"btSubTitle\">M\u0130TA\u015e CIVATA Fabrikas\u0131 olarak, faaliyet g\u00f6sterdi\u011fimiz sekt\u00f6r\u00fcn ve bulundu\u011fumuz co\u011frafyan\u0131n dinamiklerine uyum sa\u011flayarak, etik ilkeler ve sosyal sorumluluk alanlar\u0131nda g\u00fc\u00e7l\u00fc bir kurumsal yap\u0131 olu\u015fturmay\u0131 hedeflemekteyiz.<\/p><br><p>Kurumsal etik ilkelerimiz; insan haklar\u0131, r\u00fc\u015fvet ve yolsuzlukla m\u00fccadele, ekonomik yapt\u0131r\u0131mlara uyum, \u00e7\u0131kar \u00e7at\u0131\u015fmalar\u0131n\u0131n \u00f6nlenmesi, i\u015f sa\u011fl\u0131\u011f\u0131 ve g\u00fcvenli\u011fi, gizlilik ve i\u00e7sel bilgilerin korunmas\u0131 gibi kritik konular\u0131 kapsayarak, t\u00fcm M\u0130TA\u015e \u00e7al\u0131\u015fanlar\u0131 ve payda\u015flar\u0131 i\u00e7in kapsaml\u0131 bir rehber niteli\u011fi ta\u015f\u0131maktad\u0131r.<\/p><br><p>Bu \u00e7er\u00e7evede, faaliyet g\u00f6sterdi\u011fimiz sekt\u00f6r\u00fcn ve co\u011frafyan\u0131n de\u011fi\u015fen dinamiklerine uyum sa\u011flamak amac\u0131yla, yerel ve uluslararas\u0131 payda\u015f beklentilerine yan\u0131t verebilmek i\u00e7in \u00e7e\u015fitli uyum projeleri ve s\u00fcrekli iyile\u015ftirme \u00e7al\u0131\u015fmalar\u0131 y\u00fcr\u00fctmekteyiz.<\/p><br><p>Etik kurallar ve sosyal uyum konular\u0131nda proaktif bir yakla\u015f\u0131m benimseyerek, s\u00fcrd\u00fcr\u00fclebilir ve sorumlu bir i\u015f modeli ile faaliyetlerimizi s\u00fcrd\u00fcrmeye kararl\u0131y\u0131z. <\/div><\/header><div class=\"btClear btSeparator topSmallSpaced bottomSmallSpaced noBorder\" ><hr><\/div><\/div><\/div><\/div><\/div><div class=\"boldRow \" ><div class=\"boldRowInner\"><div class=\"rowItem col-md-12 col-ms-12  btTextLeft\"  data-width=\"12\"><div class=\"rowItemContent\" ><header class=\"header btClear medium btDash bottomDash  regular\" ><div class=\"dash\"><h3><span class=\"headline\">Etik \u0130hbar Hatt\u0131<\/span><\/h3><\/div><div class=\"btSubTitle\">\u00c7al\u0131\u015fma \u0130lkelerine ayk\u0131r\u0131l\u0131k te\u015fkil eden durumlar\u0131n kurum i\u00e7i ve kurum d\u0131\u015f\u0131 payda\u015flar taraf\u0131ndan bildirilmesi i\u00e7in \u201cEtik \u0130hbar Hatt\u0131\u201d olu\u015fturulmu\u015ftur. Etik \u0130hbar Hatt\u0131na gelen t\u00fcm bildirimlerde KVKK kapsam\u0131nda gizlilik esas\u0131na g\u00f6re i\u015flem yap\u0131l\u0131r. Ba\u015fvurucunun bilgileri gizli tutulur. Bildirimler gizlilik, objektiflik ve d\u00fcr\u00fcstl\u00fck ilkeleri \u00e7er\u00e7evesinde incelenir.<br \/><br><\/div><\/header><div class=\"btClear btSeparator bottomSmallSpaced noBorder\" ><hr><\/div><\/div><\/div><\/div><\/div><div class=\"boldRow \" ><div class=\"boldRowInner\"><div class=\"rowItem col-md-4 col-ms-12 btTextLeft\"  data-width=\"4\"><div class=\"rowItemContent\" ><div class=\"btClear btSeparator bottomSmallSpaced noBorder\" ><hr><\/div><a href=\"https:\/\/mitasfasteners.com\/en\/ethics-report-form\/\" class=\"btBtn btBtn btnFilledStyle btnAccentColor btnSmall btnFullWidth btnRightPosition btnIco\" ><span class=\"btnInnerText\">\u0130hbar Formu<\/span><span class=\"btIco \"><span  data-ico-fa=\"&#xf063;\" class=\"btIcoHolder\"><\/span><\/span><\/a><div class=\"btClear btSeparator bottomExtraSmallSpaced noBorder\" ><hr><\/div><\/div><\/div><div class=\"rowItem col-md-4 col-ms-12 btTextLeft\"  data-width=\"4\"><div class=\"rowItemContent\" ><div class=\"btClear btSeparator bottomSmallSpaced noBorder\" ><hr><\/div><a href=\"#etik-popup\" class=\"btBtn btBtn btnFilledStyle btnAccentColor btnSmall btnFullWidth btnRightPosition btnIco\" ><span class=\"btnInnerText\">Online Bildirim<\/span><span class=\"btIco \"><span  data-ico-fa=\"&#xf1d8;\" class=\"btIcoHolder\"><\/span><\/span><\/a><div class=\"btClear btSeparator bottomExtraSmallSpaced noBorder\" ><hr><\/div><\/div><\/div><div class=\"rowItem col-md-4 col-ms-12 btTextLeft\"  data-width=\"4\"><div class=\"rowItemContent\" ><div class=\"btClear btSeparator bottomSmallSpaced noBorder\" ><hr><\/div><a href=\"#telefon-popup\" class=\"btBtn btBtn btnFilledStyle btnAccentColor btnSmall btnFullWidth btnRightPosition btnIco\" ><span class=\"btnInnerText\">Telefon Bildirimi<\/span><span class=\"btIco \"><span  data-ico-fs=\"&#xf095;\" class=\"btIcoHolder\"><\/span><\/span><\/a><div class=\"btClear btSeparator bottomExtraSmallSpaced noBorder\" ><hr><\/div><\/div><\/div><\/div><\/div><\/div><\/div><\/div><\/section>\n","protected":false},"excerpt":{"rendered":"","protected":false},"author":2,"featured_media":3855,"parent":0,"menu_order":0,"comment_status":"closed","ping_status":"closed","template":"","meta":{"footnotes":""},"class_list":["post-1094","page","type-page","status-publish","has-post-thumbnail","hentry"],"_links":{"self":[{"href":"https:\/\/mitasfasteners.com\/tr\/wp-json\/wp\/v2\/pages\/1094","targetHints":{"allow":["GET"]}}],"collection":[{"href":"https:\/\/mitasfasteners.com\/tr\/wp-json\/wp\/v2\/pages"}],"about":[{"href":"https:\/\/mitasfasteners.com\/tr\/wp-json\/wp\/v2\/types\/page"}],"author":[{"embeddable":true,"href":"https:\/\/mitasfasteners.com\/tr\/wp-json\/wp\/v2\/users\/2"}],"replies":[{"embeddable":true,"href":"https:\/\/mitasfasteners.com\/tr\/wp-json\/wp\/v2\/comments?post=1094"}],"version-history":[{"count":9,"href":"https:\/\/mitasfasteners.com\/tr\/wp-json\/wp\/v2\/pages\/1094\/revisions"}],"predecessor-version":[{"id":3931,"href":"https:\/\/mitasfasteners.com\/tr\/wp-json\/wp\/v2\/pages\/1094\/revisions\/3931"}],"wp:featuredmedia":[{"embeddable":true,"href":"https:\/\/mitasfasteners.com\/tr\/wp-json\/wp\/v2\/media\/3855"}],"wp:attachment":[{"href":"https:\/\/mitasfasteners.com\/tr\/wp-json\/wp\/v2\/media?parent=1094"}],"curies":[{"name":"wp","href":"https:\/\/api.w.org\/{rel}","templated":true}]}}