{"id":1074,"date":"2016-07-13T11:55:23","date_gmt":"2016-07-13T11:55:23","guid":{"rendered":"http:\/\/finance.bold-themes.com\/main-demo\/?page_id=1074"},"modified":"2025-03-24T12:16:42","modified_gmt":"2025-03-24T12:16:42","slug":"is-sagligi-ve-guvenligi","status":"publish","type":"page","link":"https:\/\/mitasfasteners.com\/tr\/is-sagligi-ve-guvenligi\/","title":{"rendered":"\u0130\u015f Sa\u011fl\u0131\u011f\u0131 ve G\u00fcvenli\u011fi"},"content":{"rendered":"<section id=\"bt_section69dac0e7a4dfc\"  class=\"boldSection bottomSemiSpaced gutter boxed inherit\" ><div class=\"port\"><div class=\"boldCell\"><div class=\"boldCellInner\"><div class=\"boldRow \" ><div class=\"boldRowInner\"><div class=\"rowItem col-md-12 col-ms-12  btTextLeft\"  data-width=\"12\"><div class=\"rowItemContent\" ><div class=\"btClear btSeparator topSmallSpaced bottomSmallSpaced noBorder\" ><hr><\/div><header class=\"header btClear large btDash bottomDash  regular\" ><div class=\"dash\"><h2><span class=\"headline\">G\u00fcvenli \u00e7al\u0131\u015fma ortamlar\u0131yla gelece\u011fi in\u015fa ediyoruz.<\/span><\/h2><\/div><div class=\"btSubTitle\">M\u0130TA\u015e CIVATA olarak, i\u015f sa\u011fl\u0131\u011f\u0131 ve g\u00fcvenli\u011fi konusundaki taahh\u00fctlerimizi, DAMS ( D\u00f6k\u00fcman ve Aksiyon S\u00fcreci ) Politikam\u0131z \u00e7er\u00e7evesinde belirlemekteyiz. Faaliyetlerimizin her a\u015famas\u0131nda temel \u00f6nceli\u011fimiz, \u00e7al\u0131\u015fanlar\u0131m\u0131z\u0131n ve faaliyette bulundu\u011fumuz \u00e7evredeki bireylerin sa\u011fl\u0131\u011f\u0131n\u0131 ve g\u00fcvenli\u011fini korumakt\u0131r.<\/p><br><p>T\u00fcm \u00e7al\u0131\u015fma alanlar\u0131m\u0131zda i\u015f sa\u011fl\u0131\u011f\u0131 ve g\u00fcvenli\u011fini sa\u011flamak amac\u0131yla titizlikle \u00e7al\u0131\u015fmaktay\u0131z. Bu do\u011frultuda, &#8220;\u00d6nlenebilir kazalar&#8220; ilkesi ile hareket ederek, riskleri asgari seviyeye indirmeyi ve &#8220;Kazas\u0131z \u00fcretim&#8220; hedefimize ula\u015fmay\u0131 esas almaktay\u0131z.<\/p><br><p>M\u0130TA\u015e CIVATA&#8217;n\u0131n \u0130SG Politikalar\u0131, yasal d\u00fczenlemelere ve uluslararas\u0131 standartlara tam uyum sa\u011flayarak, s\u00fcrekli iyile\u015ftirme anlay\u0131\u015f\u0131yla g\u00fcvenli bir \u00e7al\u0131\u015fma ortam\u0131 olu\u015fturma ve s\u00fcrd\u00fcrme sorumlulu\u011fumuzun bir g\u00f6stergesidir.<\/div><\/header><div class=\"btClear btSeparator topSmallSpaced bottomSmallSpaced noBorder\" ><hr><\/div><div class=\"btTabs tabsHorizontal\"><ul class=\"tabsHeader\"><li><span>Yasal Mevzuatlara Uyum<\/span><\/li><li><span>Risk De\u011ferlendirmesi<\/span><\/li><li><span>E\u011fitim ve Fark\u0131ndal\u0131k<\/span><\/li><li><span>G\u00fcvenlik Ekipmanlar\u0131 ve Teknoloji<\/span><\/li><li><span>\u00c7al\u0131\u015fanlar\u0131n Kat\u0131l\u0131m\u0131 ve \u0130leti\u015fim<\/span><\/li><li><span>Acil Durum Y\u00f6netimi<\/span><\/li><\/ul><div class=\"tabPanes tabPanesTabs\"><div class=\"tabPane\">\n\t\t\t<div class=\"tabAccordionContent\"><div class=\"boldRow \" ><div class=\"boldRowInner\"><div class=\"rowItem rowInnerItem col-sm-6  btTextLeft inherit animate animate-fadein\"  ><div class=\"rowItemContent\"><div class=\"bpgPhoto btDefaultHoverType\" ><div class = \"btImage\"><img decoding=\"async\" src=\"https:\/\/mitasfasteners.com\/wp-content\/uploads\/2025\/03\/yasaluyum.jpg\" alt=\"\" title=\"\"><\/div><\/div><div class=\"btClear btSeparator bottomSmallSpaced noBorder\" ><hr><\/div><\/div><\/div><div class=\"rowItem rowInnerItem col-sm-6  btTextLeft btMiddleVertical\"  ><div class=\"rowItemContent\"><div class=\"btText\" ><\/p>\n<p>M\u0130TA\u015e CIVATA olarak, \u00fcretim faaliyetlerimizi ulusal ve uluslararas\u0131 yasal d\u00fczenlemelere tam uyum i\u00e7erisinde y\u00fcr\u00fctmekteyiz. T\u00fcm s\u00fcre\u00e7lerimizde, sekt\u00f6rel standartlar ve en iyi uygulamalar do\u011frultusunda hareket ederek, i\u015f sa\u011fl\u0131\u011f\u0131 ve g\u00fcvenli\u011fi gerekliliklerini en \u00fcst d\u00fczeyde yerine getirmekteyiz.<\/p>\n<p>\n<\/div><div class=\"btClear btSeparator bottomSmallSpaced noBorder\" ><hr><\/div><\/div><\/div><\/div><\/div><div class=\"btClear btSeparator topSmallSpaced bottomSmallSpaced noBorder\" ><hr><\/div><\/div>\n\t\t<\/div><div class=\"tabPane\">\n\t\t\t<div class=\"tabAccordionContent\"><div class=\"boldRow \" ><div class=\"boldRowInner\"><div class=\"rowItem rowInnerItem col-sm-6  btTextLeft inherit animate animate-fadein\"  ><div class=\"rowItemContent\"><div class=\"bpgPhoto btDefaultHoverType\" ><div class = \"btImage\"><img decoding=\"async\" src=\"https:\/\/mitasfasteners.com\/wp-content\/uploads\/2025\/03\/risk-yonetimi.jpg\" alt=\"\" title=\"\"><\/div><\/div><div class=\"btClear btSeparator bottomSmallSpaced noBorder\" ><hr><\/div><\/div><\/div><div class=\"rowItem rowInnerItem col-sm-6  btTextLeft btMiddleVertical\"  ><div class=\"rowItemContent\"><div class=\"btText\" ><\/p>\n<p>\u015eirketimiz, faaliyet g\u00f6sterdi\u011fi t\u00fcm alanlarda d\u00fczenli risk de\u011ferlendirme \u00e7al\u0131\u015fmalar\u0131 y\u00fcr\u00fcterek, i\u015f s\u00fcre\u00e7lerinde ortaya \u00e7\u0131kabilecek potansiyel tehlikeleri \u00f6ng\u00f6rmekte ve bu riskleri minimize etmek ad\u0131na proaktif stratejiler geli\u015ftirmektedir. Risk y\u00f6netimi politikam\u0131z, s\u00fcrekli g\u00f6zden ge\u00e7irilmekte ve g\u00fcncellenmektedir.<\/p>\n<p>\n<\/div><div class=\"btClear btSeparator bottomSmallSpaced noBorder\" ><hr><\/div><\/div><\/div><\/div><\/div><div class=\"btClear btSeparator topSmallSpaced bottomSmallSpaced noBorder\" ><hr><\/div><\/div>\n\t\t<\/div><div class=\"tabPane\">\n\t\t\t<div class=\"tabAccordionContent\"><div class=\"boldRow \" ><div class=\"boldRowInner\"><div class=\"rowItem rowInnerItem col-sm-6  btTextLeft inherit animate animate-fadein\"  ><div class=\"rowItemContent\"><div class=\"bpgPhoto btDefaultHoverType\" ><div class = \"btImage\"><img decoding=\"async\" src=\"https:\/\/mitasfasteners.com\/wp-content\/uploads\/2025\/03\/egitim-farkindalik.jpg\" alt=\"\" title=\"\"><\/div><\/div><div class=\"btClear btSeparator bottomSmallSpaced noBorder\" ><hr><\/div><\/div><\/div><div class=\"rowItem rowInnerItem col-sm-6  btTextLeft btMiddleVertical\"  ><div class=\"rowItemContent\"><div class=\"btText\" ><\/p>\n<p>\u00c7al\u0131\u015fanlar\u0131m\u0131z\u0131n i\u015f sa\u011fl\u0131\u011f\u0131 ve g\u00fcvenli\u011fi konusunda bilin\u00e7lenmesini sa\u011flamak amac\u0131yla d\u00fczenli e\u011fitim programlar\u0131 y\u00fcr\u00fctmekteyiz. Oryantasyon ve d\u00f6nemsel e\u011fitimler arac\u0131l\u0131\u011f\u0131yla \u00e7al\u0131\u015fanlar\u0131m\u0131z\u0131n bilgi seviyesini g\u00fcncel tutarak, g\u00fcvenli \u00e7al\u0131\u015fma ortamlar\u0131n\u0131n s\u00fcreklili\u011fini sa\u011flamaktay\u0131z.<\/p>\n<p>\n<\/div><div class=\"btClear btSeparator bottomSmallSpaced noBorder\" ><hr><\/div><\/div><\/div><\/div><\/div><div class=\"btClear btSeparator topSmallSpaced bottomSmallSpaced noBorder\" ><hr><\/div><\/div>\n\t\t<\/div><div class=\"tabPane\">\n\t\t\t<div class=\"tabAccordionContent\"><div class=\"boldRow \" ><div class=\"boldRowInner\"><div class=\"rowItem rowInnerItem col-sm-6  btTextLeft inherit animate animate-fadein\"  ><div class=\"rowItemContent\"><div class=\"bpgPhoto btDefaultHoverType\" ><div class = \"btImage\"><img decoding=\"async\" src=\"https:\/\/mitasfasteners.com\/wp-content\/uploads\/2025\/03\/guvenlik-ekipmanlar.jpg\" alt=\"\" title=\"\"><\/div><\/div><div class=\"btClear btSeparator bottomSmallSpaced noBorder\" ><hr><\/div><\/div><\/div><div class=\"rowItem rowInnerItem col-sm-6  btTextLeft btMiddleVertical\"  ><div class=\"rowItemContent\"><div class=\"btText\" ><\/p>\n<p>\u0130\u015fyerlerimizde g\u00fcvenlik standartlar\u0131n\u0131 en \u00fcst d\u00fczeyde tutabilmek i\u00e7in g\u00fcncel teknolojik geli\u015fmeleri takip etmekte ve en uygun g\u00fcvenlik ekipmanlar\u0131n\u0131 kullanmaktay\u0131z. Yenilik\u00e7i \u00e7\u00f6z\u00fcmleri entegre ederek, i\u015f sa\u011fl\u0131\u011f\u0131 ve g\u00fcvenli\u011fi performans\u0131m\u0131z\u0131 s\u00fcrekli iyile\u015ftirmekteyiz.<\/p>\n<p>\n<\/div><div class=\"btClear btSeparator bottomSmallSpaced noBorder\" ><hr><\/div><\/div><\/div><\/div><\/div><div class=\"btClear btSeparator topSmallSpaced bottomSmallSpaced noBorder\" ><hr><\/div><\/div>\n\t\t<\/div><div class=\"tabPane\">\n\t\t\t<div class=\"tabAccordionContent\"><div class=\"boldRow \" ><div class=\"boldRowInner\"><div class=\"rowItem rowInnerItem col-sm-6  btTextLeft inherit animate animate-fadein\"  ><div class=\"rowItemContent\"><div class=\"bpgPhoto btDefaultHoverType\" ><div class = \"btImage\"><img decoding=\"async\" src=\"https:\/\/mitasfasteners.com\/wp-content\/uploads\/2025\/03\/calisanlarinkatilimi.jpg\" alt=\"\" title=\"\"><\/div><\/div><div class=\"btClear btSeparator bottomSmallSpaced noBorder\" ><hr><\/div><\/div><\/div><div class=\"rowItem rowInnerItem col-sm-6  btTextLeft btMiddleVertical\"  ><div class=\"rowItemContent\"><div class=\"btText\" ><\/p>\n<p>\u015eirketimiz, \u00e7al\u0131\u015fanlar\u0131n i\u015f sa\u011fl\u0131\u011f\u0131 ve g\u00fcvenli\u011fi s\u00fcre\u00e7lerine kat\u0131l\u0131m\u0131n\u0131 te\u015fvik etmekte ve geri bildirimlerini dikkate almaktad\u0131r. A\u00e7\u0131k ileti\u015fim kanallar\u0131 arac\u0131l\u0131\u011f\u0131yla \u00e7al\u0131\u015fanlar\u0131n \u00f6nerilerini, sorular\u0131n\u0131 ve endi\u015felerini payla\u015fmalar\u0131na olanak tan\u0131nmakta, kat\u0131l\u0131mc\u0131 bir i\u015f g\u00fcvenli\u011fi k\u00fclt\u00fcr\u00fc olu\u015fturulmaktad\u0131r.<\/p>\n<p>\n<\/div><div class=\"btClear btSeparator bottomSmallSpaced noBorder\" ><hr><\/div><\/div><\/div><\/div><\/div><div class=\"btClear btSeparator topSmallSpaced bottomSmallSpaced noBorder\" ><hr><\/div><\/div>\n\t\t<\/div><div class=\"tabPane\">\n\t\t\t<div class=\"tabAccordionContent\"><div class=\"boldRow \" ><div class=\"boldRowInner\"><div class=\"rowItem rowInnerItem col-sm-6  btTextLeft inherit animate animate-fadein\"  ><div class=\"rowItemContent\"><div class=\"bpgPhoto btDefaultHoverType\" ><div class = \"btImage\"><img decoding=\"async\" src=\"https:\/\/mitasfasteners.com\/wp-content\/uploads\/2025\/03\/acildurum.jpg\" alt=\"\" title=\"\"><\/div><\/div><div class=\"btClear btSeparator bottomSmallSpaced noBorder\" ><hr><\/div><\/div><\/div><div class=\"rowItem rowInnerItem col-sm-6  btTextLeft btMiddleVertical\"  ><div class=\"rowItemContent\"><div class=\"btText\" ><\/p>\n<p>Olas\u0131 acil durumlara kar\u015f\u0131 etkin m\u00fcdahale sa\u011flamak amac\u0131yla, acil durum y\u00f6netim planlar\u0131m\u0131z d\u00fczenli olarak g\u00fcncellenmektedir. \u00c7al\u0131\u015fanlar\u0131m\u0131z\u0131n bu prosed\u00fcrlere tam uyum sa\u011flamas\u0131n\u0131 temin etmek ad\u0131na periyodik e\u011fitim ve tatbikatlar ger\u00e7ekle\u015ftirilmektedir.<\/p>\n<p>\n<\/div><div class=\"btClear btSeparator bottomSmallSpaced noBorder\" ><hr><\/div><\/div><\/div><\/div><\/div><div class=\"btClear btSeparator topSmallSpaced bottomSmallSpaced noBorder\" ><hr><\/div><\/div>\n\t\t<\/div><\/div><\/div><\/div><\/div><\/div><\/div><div class=\"boldRow \" ><div class=\"boldRowInner\"><div class=\"rowItem col-md-12 col-ms-12  btTextLeft\"  data-width=\"12\"><div class=\"rowItemContent\" ><div class=\"btClear btSeparator topSmallSpaced bottomSmallSpaced border\" ><hr><\/div><div class=\"btClear btSeparator bottomSmallSpaced noBorder\" ><hr><\/div><\/div><\/div><\/div><\/div><\/div><\/div><\/div><\/section>\n","protected":false},"excerpt":{"rendered":"","protected":false},"author":2,"featured_media":3866,"parent":0,"menu_order":0,"comment_status":"closed","ping_status":"closed","template":"","meta":{"footnotes":""},"class_list":["post-1074","page","type-page","status-publish","has-post-thumbnail","hentry"],"_links":{"self":[{"href":"https:\/\/mitasfasteners.com\/tr\/wp-json\/wp\/v2\/pages\/1074","targetHints":{"allow":["GET"]}}],"collection":[{"href":"https:\/\/mitasfasteners.com\/tr\/wp-json\/wp\/v2\/pages"}],"about":[{"href":"https:\/\/mitasfasteners.com\/tr\/wp-json\/wp\/v2\/types\/page"}],"author":[{"embeddable":true,"href":"https:\/\/mitasfasteners.com\/tr\/wp-json\/wp\/v2\/users\/2"}],"replies":[{"embeddable":true,"href":"https:\/\/mitasfasteners.com\/tr\/wp-json\/wp\/v2\/comments?post=1074"}],"version-history":[{"count":15,"href":"https:\/\/mitasfasteners.com\/tr\/wp-json\/wp\/v2\/pages\/1074\/revisions"}],"predecessor-version":[{"id":3841,"href":"https:\/\/mitasfasteners.com\/tr\/wp-json\/wp\/v2\/pages\/1074\/revisions\/3841"}],"wp:featuredmedia":[{"embeddable":true,"href":"https:\/\/mitasfasteners.com\/tr\/wp-json\/wp\/v2\/media\/3866"}],"wp:attachment":[{"href":"https:\/\/mitasfasteners.com\/tr\/wp-json\/wp\/v2\/media?parent=1074"}],"curies":[{"name":"wp","href":"https:\/\/api.w.org\/{rel}","templated":true}]}}