{"id":3909,"date":"2025-05-27T12:20:30","date_gmt":"2025-05-27T12:20:30","guid":{"rendered":"https:\/\/mitasfasteners.com\/?page_id=3909"},"modified":"2025-05-27T12:22:29","modified_gmt":"2025-05-27T12:22:29","slug":"ethics-report-form","status":"publish","type":"page","link":"https:\/\/mitasfasteners.com\/en\/ethics-report-form\/","title":{"rendered":"Ethics Report Form"},"content":{"rendered":"<section id=\"bt_section69dad0e03da23\"  class=\"boldSection gutter\" ><div class=\"port\"><div class=\"boldCell\"><div class=\"boldCellInner\"><div class=\"boldRow\" ><div class=\"boldRowInner\"><div class=\"rowItem col-md-12 col-ms-12  btTextLeft\"  data-width=\"12\"><div class=\"rowItemContent\" ><div class=\"btClear btSeparator topSemiSpaced noBorder\" ><hr><\/div><div class=\"btText\" ><\/p>\n<div class=\"wpcf7 no-js\" id=\"wpcf7-f3324-o1\" lang=\"en-US\" dir=\"ltr\" data-wpcf7-id=\"3324\">\n<div class=\"screen-reader-response\">\n<p role=\"status\" aria-live=\"polite\" aria-atomic=\"true\">\n<ul><\/ul>\n<\/div>\n<form action=\"\/en\/wp-json\/wp\/v2\/pages\/3909#wpcf7-f3324-o1\" method=\"post\" class=\"wpcf7-form init\" aria-label=\"Contact form\" novalidate=\"novalidate\" data-status=\"init\" data-trp-original-action=\"\/en\/wp-json\/wp\/v2\/pages\/3909#wpcf7-f3324-o1\">\n<div style=\"display: none;\">\n<input type=\"hidden\" name=\"_wpcf7\" value=\"3324\" \/><br \/>\n<input type=\"hidden\" name=\"_wpcf7_version\" value=\"6.0.4\" \/><br \/>\n<input type=\"hidden\" name=\"_wpcf7_locale\" value=\"en_US\" \/><br \/>\n<input type=\"hidden\" name=\"_wpcf7_unit_tag\" value=\"wpcf7-f3324-o1\" \/><br \/>\n<input type=\"hidden\" name=\"_wpcf7_container_post\" value=\"0\" \/><br \/>\n<input type=\"hidden\" name=\"_wpcf7_posted_data_hash\" value=\"\" \/>\n<\/div>\n<h3>Company Details<br \/>\n<\/h3>\n<p><label> What is your relationship with Mita\u015f Group? *<br \/>\n<span class=\"wpcf7-form-control-wrap\" data-name=\"relationship\"><input size=\"40\" maxlength=\"400\" class=\"wpcf7-form-control wpcf7-text wpcf7-validates-as-required\" aria-required=\"true\" aria-invalid=\"false\" placeholder=\"e.g. Supplier, Employee, Customer\" value=\"\" type=\"text\" name=\"relationship\" \/><\/span><br \/>\n<\/label>\n<\/p>\n<p><label> Your Company *<br \/>\n<span class=\"wpcf7-form-control-wrap\" data-name=\"your_company\"><input size=\"40\" maxlength=\"400\" class=\"wpcf7-form-control wpcf7-text wpcf7-validates-as-required\" aria-required=\"true\" aria-invalid=\"false\" placeholder=\"Enter the company you work for\" value=\"\" type=\"text\" name=\"your_company\" \/><\/span><br \/>\n<\/label>\n<\/p>\n<p><label> Which Mita\u015f entity is your report related to? *<br \/>\n<span class=\"wpcf7-form-control-wrap\" data-name=\"mitas_entity\"><input size=\"40\" maxlength=\"400\" class=\"wpcf7-form-control wpcf7-text wpcf7-validates-as-required\" aria-required=\"true\" aria-invalid=\"false\" placeholder=\"e.g. Mita\u015f End\u00fcstri\" value=\"\" type=\"text\" name=\"mitas_entity\" \/><\/span><br \/>\n<\/label>\n<\/p>\n<p><label> What category does your report relate to? *<br \/>\n<span class=\"wpcf7-form-control-wrap\" data-name=\"report_category\"><input size=\"40\" maxlength=\"400\" class=\"wpcf7-form-control wpcf7-text wpcf7-validates-as-required\" aria-required=\"true\" aria-invalid=\"false\" placeholder=\"e.g. Ethical Misconduct, Corruption\" value=\"\" type=\"text\" name=\"report_category\" \/><\/span><br \/>\n<\/label>\n<\/p>\n<h3>Report Details<br \/>\n<\/h3>\n<p><label> Your Report *<br \/>\n<span class=\"wpcf7-form-control-wrap\" data-name=\"report_content\"><textarea cols=\"40\" rows=\"10\" maxlength=\"2000\" class=\"wpcf7-form-control wpcf7-textarea wpcf7-validates-as-required\" aria-required=\"true\" aria-invalid=\"false\" placeholder=\"Please describe the issue in detail.\" name=\"report_content\"><\/textarea><\/span><br \/>\n<\/label>\n<\/p>\n<p><label> Document Descriptions *<br \/>\n<span class=\"wpcf7-form-control-wrap\" data-name=\"document_description\"><input size=\"40\" maxlength=\"400\" class=\"wpcf7-form-control wpcf7-text wpcf7-validates-as-required\" aria-required=\"true\" aria-invalid=\"false\" placeholder=\"e.g. Attachment-1, Document-2\" value=\"\" type=\"text\" name=\"document_description\" \/><\/span><br \/>\n<\/label>\n<\/p>\n<p><label> Persons involved in the report *<br \/>\n<span class=\"wpcf7-form-control-wrap\" data-name=\"involved_persons\"><input size=\"40\" maxlength=\"400\" class=\"wpcf7-form-control wpcf7-text wpcf7-validates-as-required\" aria-required=\"true\" aria-invalid=\"false\" placeholder=\"Name - Surname - Title\" value=\"\" type=\"text\" name=\"involved_persons\" \/><\/span><br \/>\n<\/label>\n<\/p>\n<p><label> How long has this issue been ongoing? *<br \/>\n<span class=\"wpcf7-form-control-wrap\" data-name=\"duration\"><input size=\"40\" maxlength=\"400\" class=\"wpcf7-form-control wpcf7-text wpcf7-validates-as-required\" aria-required=\"true\" aria-invalid=\"false\" placeholder=\"e.g. 3 months\" value=\"\" type=\"text\" name=\"duration\" \/><\/span><br \/>\n<\/label>\n<\/p>\n<p><label> How did you become aware of this issue? *<br \/>\n<span class=\"wpcf7-form-control-wrap\" data-name=\"how_did_you_notice\"><input size=\"40\" maxlength=\"400\" class=\"wpcf7-form-control wpcf7-text wpcf7-validates-as-required\" aria-required=\"true\" aria-invalid=\"false\" placeholder=\"e.g. Observation, Complaint, Document Review\" value=\"\" type=\"text\" name=\"how_did_you_notice\" \/><\/span><br \/>\n<\/label>\n<\/p>\n<p><label> Any other information you&#8217;d like to share<br \/>\n<span class=\"wpcf7-form-control-wrap\" data-name=\"additional_info\"><textarea cols=\"40\" rows=\"10\" maxlength=\"2000\" class=\"wpcf7-form-control wpcf7-textarea\" aria-invalid=\"false\" name=\"additional_info\"><\/textarea><\/span><br \/>\n<\/label>\n<\/p>\n<h3>Personal Information<br \/>\n<\/h3>\n<p><label> Full Name *<br \/>\n<span class=\"wpcf7-form-control-wrap\" data-name=\"full_name\"><input size=\"40\" maxlength=\"400\" class=\"wpcf7-form-control wpcf7-text wpcf7-validates-as-required\" aria-required=\"true\" aria-invalid=\"false\" placeholder=\"Enter your full name\" value=\"\" type=\"text\" name=\"full_name\" \/><\/span><br \/>\n<\/label>\n<\/p>\n<p><label> Email Address *<br \/>\n<span class=\"wpcf7-form-control-wrap\" data-name=\"email\"><input size=\"40\" maxlength=\"400\" class=\"wpcf7-form-control wpcf7-email wpcf7-validates-as-required wpcf7-text wpcf7-validates-as-email\" aria-required=\"true\" aria-invalid=\"false\" placeholder=\"Enter your email address\" value=\"\" type=\"email\" name=\"email\" \/><\/span><br \/>\n<\/label>\n<\/p>\n<p><label> Mobile Phone Number *<br \/>\n<span class=\"wpcf7-form-control-wrap\" data-name=\"phone\"><input size=\"40\" maxlength=\"400\" class=\"wpcf7-form-control wpcf7-tel wpcf7-validates-as-required wpcf7-text wpcf7-validates-as-tel\" aria-required=\"true\" aria-invalid=\"false\" placeholder=\"Enter your mobile number\" value=\"\" type=\"tel\" name=\"phone\" \/><\/span><br \/>\n<\/label>\n<\/p>\n<p><label> City of Residence *<br \/>\n<span class=\"wpcf7-form-control-wrap\" data-name=\"city\"><input size=\"40\" maxlength=\"400\" class=\"wpcf7-form-control wpcf7-text wpcf7-validates-as-required\" aria-required=\"true\" aria-invalid=\"false\" placeholder=\"Enter your city\" value=\"\" type=\"text\" name=\"city\" \/><\/span><br \/>\n<\/label>\n<\/p>\n<p><label><br \/>\nI hereby declare, accept and undertake that I consent to the processing and transfer of my personal data and contact information by Mita\u015f End\u00fcstri San. Tic. A.\u015e. (hereinafter collectively referred to as \u201cMita\u015f Group\u201d) in accordance with the purposes stated in the Information Notice, within the scope of the Personal Data Protection Law No. 6698.<br \/>\n<a href=\"\/wp-content\/uploads\/2025\/03\/mitas-endustri-kisisel-verilerin-korunmasi-ve-islenmesi-politikasi-3.pdf\" target=\"_blank\">Click here to review the Information Notice.<\/a><br \/>\n<\/label>\n<\/p>\n<p><input class=\"wpcf7-form-control wpcf7-submit has-spinner\" type=\"submit\" value=\"Submit\" \/>\n<\/p>\n<div class=\"wpcf7-response-output\" aria-hidden=\"true\"><\/div>\n<input type=\"hidden\" name=\"trp-form-language\" value=\"en\"\/><\/form>\n<\/div>\n<p>\n<\/div><div class=\"btClear btSeparator topSemiSpaced noBorder\" ><hr><\/div><\/div><\/div><\/div><\/div><\/div><\/div><\/div><\/section>","protected":false},"excerpt":{"rendered":"","protected":false},"author":1,"featured_media":3855,"parent":0,"menu_order":0,"comment_status":"closed","ping_status":"closed","template":"","meta":{"footnotes":""},"class_list":["post-3909","page","type-page","status-publish","has-post-thumbnail","hentry"],"_links":{"self":[{"href":"https:\/\/mitasfasteners.com\/en\/wp-json\/wp\/v2\/pages\/3909","targetHints":{"allow":["GET"]}}],"collection":[{"href":"https:\/\/mitasfasteners.com\/en\/wp-json\/wp\/v2\/pages"}],"about":[{"href":"https:\/\/mitasfasteners.com\/en\/wp-json\/wp\/v2\/types\/page"}],"author":[{"embeddable":true,"href":"https:\/\/mitasfasteners.com\/en\/wp-json\/wp\/v2\/users\/1"}],"replies":[{"embeddable":true,"href":"https:\/\/mitasfasteners.com\/en\/wp-json\/wp\/v2\/comments?post=3909"}],"version-history":[{"count":2,"href":"https:\/\/mitasfasteners.com\/en\/wp-json\/wp\/v2\/pages\/3909\/revisions"}],"predecessor-version":[{"id":3911,"href":"https:\/\/mitasfasteners.com\/en\/wp-json\/wp\/v2\/pages\/3909\/revisions\/3911"}],"wp:featuredmedia":[{"embeddable":true,"href":"https:\/\/mitasfasteners.com\/en\/wp-json\/wp\/v2\/media\/3855"}],"wp:attachment":[{"href":"https:\/\/mitasfasteners.com\/en\/wp-json\/wp\/v2\/media?parent=3909"}],"curies":[{"name":"wp","href":"https:\/\/api.w.org\/{rel}","templated":true}]}}